{"id":809,"date":"2018-09-11T20:52:31","date_gmt":"2018-09-11T23:52:31","guid":{"rendered":"http:\/\/saojosedoipiranga.com.br\/site\/?page_id=809"},"modified":"2022-03-15T09:33:44","modified_gmt":"2022-03-15T12:33:44","slug":"terco-de-sao-jose","status":"publish","type":"page","link":"https:\/\/saojosedoipiranga.com.br\/new\/terco-de-sao-jose\/","title":{"rendered":"Ter\u00e7o de S\u00e3o Jos\u00e9"},"content":{"rendered":"\n<div class=\"wp-block-media-text alignwide is-stacked-on-mobile\"><figure class=\"wp-block-media-text__media\"><img fetchpriority=\"high\" decoding=\"async\" width=\"717\" height=\"1024\" src=\"https:\/\/saojosedoipiranga.com.br\/new\/wp-content\/uploads\/2022\/03\/terco-de-sao-jose-madeira-marrom-claro-6685-717x1024.jpg\" alt=\"\" class=\"wp-image-4522 size-full\" srcset=\"https:\/\/saojosedoipiranga.com.br\/new\/wp-content\/uploads\/2022\/03\/terco-de-sao-jose-madeira-marrom-claro-6685-717x1024.jpg 717w, https:\/\/saojosedoipiranga.com.br\/new\/wp-content\/uploads\/2022\/03\/terco-de-sao-jose-madeira-marrom-claro-6685-210x300.jpg 210w, https:\/\/saojosedoipiranga.com.br\/new\/wp-content\/uploads\/2022\/03\/terco-de-sao-jose-madeira-marrom-claro-6685-768x1097.jpg 768w, https:\/\/saojosedoipiranga.com.br\/new\/wp-content\/uploads\/2022\/03\/terco-de-sao-jose-madeira-marrom-claro-6685-500x714.jpg 500w, https:\/\/saojosedoipiranga.com.br\/new\/wp-content\/uploads\/2022\/03\/terco-de-sao-jose-madeira-marrom-claro-6685-800x1142.jpg 800w, https:\/\/saojosedoipiranga.com.br\/new\/wp-content\/uploads\/2022\/03\/terco-de-sao-jose-madeira-marrom-claro-6685-756x1080.jpg 756w, https:\/\/saojosedoipiranga.com.br\/new\/wp-content\/uploads\/2022\/03\/terco-de-sao-jose-madeira-marrom-claro-6685.jpg 1000w\" sizes=\"(max-width: 717px) 100vw, 717px\" \/><\/figure><div class=\"wp-block-media-text__content\">\n<p class=\"has-large-font-size\"><strong>Como rezar?<\/strong><\/p>\n\n\n\n<p><strong><em>NA CRUZ<\/em><br><\/strong>Lembrai-vos, \u00f3 glorioso S\u00e3o Jos\u00e9, esposo da Virgem Maria e doce protetor nosso, que nunca se ouviu dizer que algum daqueles que recorreram a vossa prote\u00e7\u00e3o e imploraram vosso aux\u00edlio tivesse sido por v\u00f3s abandonado. Animado, pois, de igual confian\u00e7a a v\u00f3s recorro e devotamente me recomendo, N\u00e3o desprezeis, pois, as minhas s\u00faplicas, \u00f3 Pai adotivo do meu Redentor, mas dignai-vos ouvi-las prop\u00edcio e alcan\u00e7ai-me o que vos rogo.<\/p>\n\n\n\n<p><strong><em>NAS CONTAS GRANDES<\/em><br><\/strong>Meu glorioso S\u00e3o Jos\u00e9, no vosso maior vexame, na vossa maior tribula\u00e7\u00e3o, um anjo do c\u00e9u n\u00e3o vos veio valer?<br>Valei-me glorioso S\u00e3o Jos\u00e9.<\/p>\n\n\n\n<p><strong><em>NAS CONTAS PEQUENAS<\/em><br><\/strong>S\u00e3o Jos\u00e9, valei-me.<\/p>\n\n\n\n<p><strong><em>NO FINAL<\/em><br><\/strong>Um Pai Nosso<br>Uma Ave Maria<br>Um Gl\u00f3ria ao Pai<\/p>\n<\/div><\/div>\n\n    <div class=\"xs_social_share_widget xs_share_url after_content \t\tmain_content  wslu-style-1 wslu-share-box-shaped wslu-fill-colored wslu-none wslu-share-horizontal wslu-theme-font-no wslu-main_content\">\n\n\t\t\n        <ul>\n\t\t\t        <\/ul>\n    <\/div> \n","protected":false},"excerpt":{"rendered":"<p>Como rezar? NA CRUZLembrai-vos, \u00f3 glorioso S\u00e3o Jos\u00e9, esposo da Virgem Maria e doce protetor nosso, que nunca se ouviu dizer que algum daqueles que recorreram a vossa prote\u00e7\u00e3o e&hellip; <br \/> <a class=\"read-more\" href=\"https:\/\/saojosedoipiranga.com.br\/new\/terco-de-sao-jose\/\">Leia mais<\/a><\/p>\n","protected":false},"author":3,"featured_media":2618,"parent":0,"menu_order":0,"comment_status":"closed","ping_status":"closed","template":"","meta":{"_vp_format_video_url":"","_vp_image_focal_point":[],"footnotes":""},"class_list":["post-809","page","type-page","status-publish","has-post-thumbnail","hentry"],"_links":{"self":[{"href":"https:\/\/saojosedoipiranga.com.br\/new\/wp-json\/wp\/v2\/pages\/809","targetHints":{"allow":["GET"]}}],"collection":[{"href":"https:\/\/saojosedoipiranga.com.br\/new\/wp-json\/wp\/v2\/pages"}],"about":[{"href":"https:\/\/saojosedoipiranga.com.br\/new\/wp-json\/wp\/v2\/types\/page"}],"author":[{"embeddable":true,"href":"https:\/\/saojosedoipiranga.com.br\/new\/wp-json\/wp\/v2\/users\/3"}],"replies":[{"embeddable":true,"href":"https:\/\/saojosedoipiranga.com.br\/new\/wp-json\/wp\/v2\/comments?post=809"}],"version-history":[{"count":13,"href":"https:\/\/saojosedoipiranga.com.br\/new\/wp-json\/wp\/v2\/pages\/809\/revisions"}],"predecessor-version":[{"id":4525,"href":"https:\/\/saojosedoipiranga.com.br\/new\/wp-json\/wp\/v2\/pages\/809\/revisions\/4525"}],"wp:featuredmedia":[{"embeddable":true,"href":"https:\/\/saojosedoipiranga.com.br\/new\/wp-json\/wp\/v2\/media\/2618"}],"wp:attachment":[{"href":"https:\/\/saojosedoipiranga.com.br\/new\/wp-json\/wp\/v2\/media?parent=809"}],"curies":[{"name":"wp","href":"https:\/\/api.w.org\/{rel}","templated":true}]}}