{"id":763,"date":"2018-08-22T12:25:47","date_gmt":"2018-08-22T15:25:47","guid":{"rendered":"http:\/\/saojosedoipiranga.com.br\/site\/?page_id=763"},"modified":"2021-02-25T14:58:58","modified_gmt":"2021-02-25T17:58:58","slug":"hino-de-sao-jose","status":"publish","type":"page","link":"https:\/\/saojosedoipiranga.com.br\/new\/hino-de-sao-jose\/","title":{"rendered":"Hino de S\u00e3o Jos\u00e9"},"content":{"rendered":"\n<h2 class=\"wp-block-heading\">O Hino<\/h2>\n\n\n\n<hr class=\"wp-block-separator\"\/>\n\n\n\n<p>Vinde, alegres cantemos, A Deus demos louvor,<br>A um pai exaltemos sempre com mais fervor.<br><br><em>REFR\u00c3O<\/em> <br>S\u00e3o Jos\u00e9, a v\u00f3s nosso amor. Sede nosso bom protetor.<br>Aumentai o nosso fervor<br><br>Quis o Verbo Divino dar-vos nome de pai.<br>Um glorioso destino para n\u00f3s impetrai.<br>V\u00f3s, esposo preclaro, amant\u00edssimo pai.<br>Dos crist\u00e3os firme amparo, este canto aceitai.<br>S\u00e3o Jos\u00e9 triunfante vai a Gl\u00f3ria gozar.<br>E para sempre reinante, no Senhor repousar.<\/p>\n\n    <div class=\"xs_social_share_widget xs_share_url after_content \t\tmain_content  wslu-style-1 wslu-share-box-shaped wslu-fill-colored wslu-none wslu-share-horizontal wslu-theme-font-no wslu-main_content\">\n\n\t\t\n        <ul>\n\t\t\t        <\/ul>\n    <\/div> \n","protected":false},"excerpt":{"rendered":"<p>O Hino Vinde, alegres cantemos, A Deus demos louvor,A um pai exaltemos sempre com mais fervor. REFR\u00c3O S\u00e3o Jos\u00e9, a v\u00f3s nosso amor. Sede nosso bom protetor.Aumentai o nosso fervor&hellip; <br \/> <a class=\"read-more\" href=\"https:\/\/saojosedoipiranga.com.br\/new\/hino-de-sao-jose\/\">Leia mais<\/a><\/p>\n","protected":false},"author":3,"featured_media":2616,"parent":0,"menu_order":0,"comment_status":"closed","ping_status":"closed","template":"","meta":{"_vp_format_video_url":"","_vp_image_focal_point":[],"footnotes":""},"class_list":["post-763","page","type-page","status-publish","has-post-thumbnail","hentry"],"_links":{"self":[{"href":"https:\/\/saojosedoipiranga.com.br\/new\/wp-json\/wp\/v2\/pages\/763","targetHints":{"allow":["GET"]}}],"collection":[{"href":"https:\/\/saojosedoipiranga.com.br\/new\/wp-json\/wp\/v2\/pages"}],"about":[{"href":"https:\/\/saojosedoipiranga.com.br\/new\/wp-json\/wp\/v2\/types\/page"}],"author":[{"embeddable":true,"href":"https:\/\/saojosedoipiranga.com.br\/new\/wp-json\/wp\/v2\/users\/3"}],"replies":[{"embeddable":true,"href":"https:\/\/saojosedoipiranga.com.br\/new\/wp-json\/wp\/v2\/comments?post=763"}],"version-history":[{"count":5,"href":"https:\/\/saojosedoipiranga.com.br\/new\/wp-json\/wp\/v2\/pages\/763\/revisions"}],"predecessor-version":[{"id":3864,"href":"https:\/\/saojosedoipiranga.com.br\/new\/wp-json\/wp\/v2\/pages\/763\/revisions\/3864"}],"wp:featuredmedia":[{"embeddable":true,"href":"https:\/\/saojosedoipiranga.com.br\/new\/wp-json\/wp\/v2\/media\/2616"}],"wp:attachment":[{"href":"https:\/\/saojosedoipiranga.com.br\/new\/wp-json\/wp\/v2\/media?parent=763"}],"curies":[{"name":"wp","href":"https:\/\/api.w.org\/{rel}","templated":true}]}}