{"id":70,"date":"2017-09-02T17:38:01","date_gmt":"2017-09-02T20:38:01","guid":{"rendered":"http:\/\/saojosedoipiranga.com.br\/site\/?page_id=70"},"modified":"2022-07-01T15:53:29","modified_gmt":"2022-07-01T18:53:29","slug":"batismo","status":"publish","type":"page","link":"https:\/\/saojosedoipiranga.com.br\/new\/pastorais\/batismo\/","title":{"rendered":"Batismo"},"content":{"rendered":"\n<h2 class=\"wp-block-heading\">Informa\u00e7\u00f5es Batismo<\/h2>\n\n\n\n<p><strong>SETOR DE BATISMO<\/strong><br>O setor de batismo da Par\u00f3quia S\u00e3o Jos\u00e9 do Ipiranga \u00e9 cuidado pela Srta. Maria Jos\u00e9 que est\u00e1 \u00e0 disposi\u00e7\u00e3o para atend\u00ea-lo(a) com toda aten\u00e7\u00e3o e carinho.<\/p>\n\n\n\n<p><strong>HOR\u00c1RIOS<br>Segunda<\/strong> <strong>\u00e0 sexta<\/strong>: das 8h \u00e0s 12h e das 13h \u00e0s 17h<\/p>\n\n\n\n<p><strong>Telefones<\/strong>:<br>+ 55 11 2063.1818<br>+ 55 11 4323.3040<br><strong>E-mail<\/strong>: <a class=\"\" href=\"mailto:matrimonio@paroquiasjdoipiranga.com.br\"><a href=\"mailto:secretaria@saojosedoipiranga.com.br\">secretaria@saojosedoipiranga.com.br<\/a><\/a><br><strong>Contato<\/strong>: Maria Jos\u00e9<\/p>\n\n\n\n<figure class=\"wp-block-image size-large is-resized\"><a href=\"http:\/\/api.whatsapp.com\/send?phone=5511945551311\" target=\"_blank\" rel=\"noopener\"><img decoding=\"async\" src=\"https:\/\/saojosedoipiranga.com.br\/new\/wp-content\/uploads\/2021\/02\/botaowhatsapp-edited-1024x341.png\" alt=\"\" class=\"wp-image-3798\" width=\"300\" srcset=\"https:\/\/saojosedoipiranga.com.br\/new\/wp-content\/uploads\/2021\/02\/botaowhatsapp-edited-1024x341.png 1024w, https:\/\/saojosedoipiranga.com.br\/new\/wp-content\/uploads\/2021\/02\/botaowhatsapp-edited-300x100.png 300w, https:\/\/saojosedoipiranga.com.br\/new\/wp-content\/uploads\/2021\/02\/botaowhatsapp-edited-768x256.png 768w, https:\/\/saojosedoipiranga.com.br\/new\/wp-content\/uploads\/2021\/02\/botaowhatsapp-edited-500x166.png 500w, https:\/\/saojosedoipiranga.com.br\/new\/wp-content\/uploads\/2021\/02\/botaowhatsapp-edited-800x266.png 800w, https:\/\/saojosedoipiranga.com.br\/new\/wp-content\/uploads\/2021\/02\/botaowhatsapp-edited-1280x426.png 1280w, https:\/\/saojosedoipiranga.com.br\/new\/wp-content\/uploads\/2021\/02\/botaowhatsapp-edited-1536x511.png 1536w, https:\/\/saojosedoipiranga.com.br\/new\/wp-content\/uploads\/2021\/02\/botaowhatsapp-edited.png 1629w\" sizes=\"(max-width: 1024px) 100vw, 1024px\" \/><\/a><\/figure>\n\n\n\n<p><\/p>\n\n\n\n<h2 class=\"wp-block-heading\">O Sentido do Batismo<\/h2>\n\n\n\n<hr class=\"wp-block-separator\"\/>\n\n\n<p style=\"text-align: justify;\">Foi no Domingo da P\u00e1scoa que os Ap\u00f3stolos tornaram-se realmente crist\u00e3os; receberam a vida nova do Ressuscitado, foram transfigurados em Cristo! A\u00ed nasceu a Igreja: na Ressurrei\u00e7\u00e3o!<\/p>\n<p style=\"text-align: justify;\">A\u00ed ela foi batizada e recebeu o poder de batizar: \u201cComo o Pai me enviou, assim eu vos envio (Jo 20, 21)!\u201d<\/p>\n<p style=\"text-align: justify;\">Assim, a Igreja deve batizar todo aquele que cr\u00ea. Isto significa acolher Jesus Ressuscitado nas \u00e1guas do Batismo. A palavra \u201cbatizar\u201d vem do grego e significa, literalmente, mergulhar, imergir. Mas n\u00e3o significa mergulhar na \u00e1gua, e sim a imers\u00e3o no Esp\u00edrito Santo de Deus, o Esp\u00edrito prometido que ressuscitou Jesus! \u00c9 isso que o Evangelho afirma:<\/p>\n<p style=\"text-align: justify;\">\u201cQuem n\u00e3o nascer da \u00e1gua e do Esp\u00edrito n\u00e3o pode entrar no Reino de Deus (Jo 3, 5)\u201d.<\/p>\n<p style=\"text-align: justify;\">Observe bem: da \u00e1gua, s\u00edmbolo e sinal do Esp\u00edrito, renascer do pr\u00f3prio Esp\u00edrito!<\/p>\n<h4 style=\"text-align: justify;\">A Pastoral&#8230;<\/h4>\n<hr>\n<p style=\"text-align: justify;\">Promover a pastoral do Batismo quer dizer promover a verdadeira constru\u00e7\u00e3o da comunidade. \u00c9 no interior de uma pastoral com sentido &#8211; mission\u00e1ria, lit\u00fargica, educadora &#8211; onde se instala e pode progredir a pastoral concreta em torno do sacramento da f\u00e9.<\/p>\n<p style=\"text-align: justify;\">Essa afirma\u00e7\u00e3o n\u00e3o quer dizer que n\u00e3o se possa fazer nada at\u00e9 que se tenha &#8220;constru\u00eddo a comunidade&#8221;. Isso \u00e9 absolutamente um equ\u00edvoco. A Igreja n\u00e3o est\u00e1 nunca constru\u00edda completamente, e \u00e9 o Senhor quem a constr\u00f3i na realidade. A n\u00f3s cabe trabalhar com responsabilidade, com zelo e com esp\u00edrito de servi\u00e7o, naquelas tarefas que o Senhor mesmo nos confiou. E estas t\u00eam sido: pregai, batizai, conduzi os homens e mulheres \u00e0 luz da Palavra de Deus. (Don Pere Tena).<\/p>\n    <div class=\"xs_social_share_widget xs_share_url after_content \t\tmain_content  wslu-style-1 wslu-share-box-shaped wslu-fill-colored wslu-none wslu-share-horizontal wslu-theme-font-no wslu-main_content\">\n\n\t\t\n        <ul>\n\t\t\t        <\/ul>\n    <\/div> \n","protected":false},"excerpt":{"rendered":"<p>Informa\u00e7\u00f5es Batismo SETOR DE BATISMOO setor de batismo da Par\u00f3quia S\u00e3o Jos\u00e9 do Ipiranga \u00e9 cuidado pela Srta. Maria Jos\u00e9 que est\u00e1 \u00e0 disposi\u00e7\u00e3o para atend\u00ea-lo(a) com toda aten\u00e7\u00e3o e&hellip; <br \/> <a class=\"read-more\" href=\"https:\/\/saojosedoipiranga.com.br\/new\/pastorais\/batismo\/\">Leia mais<\/a><\/p>\n","protected":false},"author":3,"featured_media":3360,"parent":64,"menu_order":0,"comment_status":"closed","ping_status":"closed","template":"page-templates\/fullwidth.php","meta":{"_vp_format_video_url":"","_vp_image_focal_point":{"x":0.5,"y":0.69999999999999996},"footnotes":""},"class_list":["post-70","page","type-page","status-publish","has-post-thumbnail","hentry"],"_links":{"self":[{"href":"https:\/\/saojosedoipiranga.com.br\/new\/wp-json\/wp\/v2\/pages\/70","targetHints":{"allow":["GET"]}}],"collection":[{"href":"https:\/\/saojosedoipiranga.com.br\/new\/wp-json\/wp\/v2\/pages"}],"about":[{"href":"https:\/\/saojosedoipiranga.com.br\/new\/wp-json\/wp\/v2\/types\/page"}],"author":[{"embeddable":true,"href":"https:\/\/saojosedoipiranga.com.br\/new\/wp-json\/wp\/v2\/users\/3"}],"replies":[{"embeddable":true,"href":"https:\/\/saojosedoipiranga.com.br\/new\/wp-json\/wp\/v2\/comments?post=70"}],"version-history":[{"count":17,"href":"https:\/\/saojosedoipiranga.com.br\/new\/wp-json\/wp\/v2\/pages\/70\/revisions"}],"predecessor-version":[{"id":4984,"href":"https:\/\/saojosedoipiranga.com.br\/new\/wp-json\/wp\/v2\/pages\/70\/revisions\/4984"}],"up":[{"embeddable":true,"href":"https:\/\/saojosedoipiranga.com.br\/new\/wp-json\/wp\/v2\/pages\/64"}],"wp:featuredmedia":[{"embeddable":true,"href":"https:\/\/saojosedoipiranga.com.br\/new\/wp-json\/wp\/v2\/media\/3360"}],"wp:attachment":[{"href":"https:\/\/saojosedoipiranga.com.br\/new\/wp-json\/wp\/v2\/media?parent=70"}],"curies":[{"name":"wp","href":"https:\/\/api.w.org\/{rel}","templated":true}]}}