{"id":66,"date":"2017-09-02T17:37:05","date_gmt":"2017-09-02T20:37:05","guid":{"rendered":"http:\/\/saojosedoipiranga.com.br\/site\/?page_id=66"},"modified":"2025-11-04T14:24:11","modified_gmt":"2025-11-04T17:24:11","slug":"matrimonio","status":"publish","type":"page","link":"https:\/\/saojosedoipiranga.com.br\/new\/matrimonio\/","title":{"rendered":"Casamento"},"content":{"rendered":"\t\t<div data-elementor-type=\"wp-page\" data-elementor-id=\"66\" class=\"elementor elementor-66\">\n\t\t\t\t<div class=\"elementor-element elementor-element-225ba420 e-flex e-con-boxed e-con e-parent\" data-id=\"225ba420\" data-element_type=\"container\" data-e-type=\"container\">\n\t\t\t\t\t<div class=\"e-con-inner\">\n\t\t\t\t<div class=\"elementor-element elementor-element-667a9be2 elementor-widget elementor-widget-text-editor\" data-id=\"667a9be2\" data-element_type=\"widget\" data-e-type=\"widget\" data-widget_type=\"text-editor.default\">\n\t\t\t\t<div class=\"elementor-widget-container\">\n\t\t\t\t\t\t\t\t\t<hr class=\"wp-block-separator has-css-opacity\" \/><p><!-- \/wp:separator --><!-- wp:metaslider\/slider {\"slideshowId\":2910} --><\/p><div class=\"alignnormal\"><div id=\"metaslider-id-2910\" style=\"width: 100%;\" class=\"ml-slider-3-105-0 metaslider metaslider-flex metaslider-2910 ml-slider has-dots-nav ms-theme-blend\" role=\"region\" aria-label=\"Casamento\" data-height=\"350\" data-width=\"600\">\n    <div id=\"metaslider_container_2910\">\n        <div id=\"metaslider_2910\">\n            <ul class='slides'>\n                <li style=\"display: block; width: 100%;\" class=\"slide-2917 ms-image \" aria-roledescription=\"slide\" data-date=\"2020-12-06 00:41:42\" data-filename=\"0557-600x350.jpg\" data-slide-type=\"image\"><img fetchpriority=\"high\" decoding=\"async\" src=\"https:\/\/saojosedoipiranga.com.br\/new\/wp-content\/uploads\/2017\/09\/0557-600x350.jpg\" height=\"350\" width=\"600\" alt=\"\" class=\"slider-2910 slide-2917 msDefaultImage\" title=\"0557\" \/><\/li>\n                <li style=\"display: none; width: 100%;\" class=\"slide-2918 ms-image \" aria-roledescription=\"slide\" data-date=\"2020-12-06 00:41:43\" data-filename=\"0061-600x350.jpg\" data-slide-type=\"image\"><img decoding=\"async\" src=\"https:\/\/saojosedoipiranga.com.br\/new\/wp-content\/uploads\/2018\/07\/0061-600x350.jpg\" height=\"350\" width=\"600\" alt=\"\" class=\"slider-2910 slide-2918 msDefaultImage\" title=\"0061\" \/><\/li>\n                <li style=\"display: none; width: 100%;\" class=\"slide-2912 ms-image \" aria-roledescription=\"slide\" data-date=\"2020-12-06 00:41:42\" data-filename=\"0057-600x350.jpg\" data-slide-type=\"image\"><img decoding=\"async\" src=\"https:\/\/saojosedoipiranga.com.br\/new\/wp-content\/uploads\/2017\/09\/0057-600x350.jpg\" height=\"350\" width=\"600\" alt=\"\" class=\"slider-2910 slide-2912 msDefaultImage\" title=\"0057\" \/><\/li>\n                <li style=\"display: none; width: 100%;\" class=\"slide-2913 ms-image \" aria-roledescription=\"slide\" data-date=\"2020-12-06 00:41:42\" data-filename=\"21192271_1286666271442686_812456354856952398_n-600x350.jpg\" data-slide-type=\"image\"><img loading=\"lazy\" decoding=\"async\" src=\"https:\/\/saojosedoipiranga.com.br\/new\/wp-content\/uploads\/2017\/09\/21192271_1286666271442686_812456354856952398_n-600x350.jpg\" height=\"350\" width=\"600\" alt=\"\" class=\"slider-2910 slide-2913 msDefaultImage\" title=\"21192271_1286666271442686_812456354856952398_n\" \/><\/li>\n                <li style=\"display: none; width: 100%;\" class=\"slide-2914 ms-image \" aria-roledescription=\"slide\" data-date=\"2020-12-06 00:41:42\" data-filename=\"0216-600x350.jpg\" data-slide-type=\"image\"><img loading=\"lazy\" decoding=\"async\" src=\"https:\/\/saojosedoipiranga.com.br\/new\/wp-content\/uploads\/2017\/09\/0216-600x350.jpg\" height=\"350\" width=\"600\" alt=\"\" class=\"slider-2910 slide-2914 msDefaultImage\" title=\"0216\" \/><\/li>\n            <\/ul>\n        <\/div>\n        \n    <\/div>\n<\/div><\/div><p><!-- \/wp:metaslider\/slider --><!-- wp:separator {\"opacity\":\"css\"} --><\/p><hr class=\"wp-block-separator has-css-opacity\" \/><p><!-- \/wp:separator --><!-- wp:heading --><\/p><h2 class=\"wp-block-heading\">Informa\u00e7\u00f5es Matrim\u00f4nio<\/h2><p><!-- \/wp:heading --><!-- wp:paragraph --><\/p><p><strong>SETOR DE MATRIM\u00d4NIO<\/strong><br \/>O setor de matrim\u00f4nio da Par\u00f3quia S\u00e3o Jos\u00e9 do Ipiranga \u00e9 cuidado com muito carinho pelo p\u00e1roco Pe. Gilmar, pois sabe que \u00e9 um dia \u00fanico na vida do casal que busca realizar o sonho de se unir em matrim\u00f4nio. Certo de que S\u00e3o Jos\u00e9 intercede na vida de cada um, o Pe. Gilmar coloca nas m\u00e3os desse Santo a vida do casal que o procura para enfim eternizar seu amor.<\/p><p><!-- \/wp:paragraph --><!-- wp:paragraph --><\/p><p><strong>HOR\u00c1RIOS<br \/>Segunda<\/strong> \u00e0 <strong>Sexta-Feira<\/strong>: das 8h \u00e0s 12h e das 13h \u00e0s 17h<br \/><strong>S\u00e1bado<\/strong>: das 9h \u00e0s 12h<\/p><p><!-- \/wp:paragraph --><!-- wp:paragraph --><\/p><p><strong>Telefones<\/strong>:<\/p><p><!-- \/wp:paragraph --><!-- wp:paragraph --><\/p><p>+ 55 11 4323-3040<br \/>+ 55 11 94555-8536<br \/><a href=\"https:\/\/api.whatsapp.com\/send?phone=5511945558536\" target=\"_blank\" rel=\"noopener\"><img loading=\"lazy\" decoding=\"async\" width=\"300\" height=\"100\" class=\"wp-image-3798\" style=\"width: 300px;\" src=\"https:\/\/saojosedoipiranga.com.br\/new\/wp-content\/uploads\/2021\/02\/botaowhatsapp-edited-1024x341.png\" alt=\"\" srcset=\"https:\/\/saojosedoipiranga.com.br\/new\/wp-content\/uploads\/2021\/02\/botaowhatsapp-edited-1024x341.png 1024w, https:\/\/saojosedoipiranga.com.br\/new\/wp-content\/uploads\/2021\/02\/botaowhatsapp-edited-300x100.png 300w, https:\/\/saojosedoipiranga.com.br\/new\/wp-content\/uploads\/2021\/02\/botaowhatsapp-edited-768x256.png 768w, https:\/\/saojosedoipiranga.com.br\/new\/wp-content\/uploads\/2021\/02\/botaowhatsapp-edited-500x166.png 500w, https:\/\/saojosedoipiranga.com.br\/new\/wp-content\/uploads\/2021\/02\/botaowhatsapp-edited-800x266.png 800w, https:\/\/saojosedoipiranga.com.br\/new\/wp-content\/uploads\/2021\/02\/botaowhatsapp-edited-1280x426.png 1280w, https:\/\/saojosedoipiranga.com.br\/new\/wp-content\/uploads\/2021\/02\/botaowhatsapp-edited-1536x511.png 1536w, https:\/\/saojosedoipiranga.com.br\/new\/wp-content\/uploads\/2021\/02\/botaowhatsapp-edited.png 1629w\" sizes=\"(max-width: 300px) 100vw, 300px\" \/><\/a><\/p><p><!-- \/wp:image --><!-- wp:paragraph --><\/p><p><strong>E-mail<\/strong>: <a href=\"mailto:secretaria@saojosedoipiranga.com.br\" data-type=\"mailto\">secretaria@saojosedoipiranga.com.br<\/a><\/p><p><!-- \/wp:paragraph --><!-- wp:image {\"id\":3798,\"width\":\"300px\",\"sizeSlug\":\"large\",\"linkDestination\":\"custom\"} --><\/p><figure class=\"wp-block-image size-large is-resized\"><\/figure><p><strong>HOR\u00c1RIO DAS CELEBRA\u00c7\u00d5ES<br \/>Sexta-feira<\/strong> \u2013\u00a0 20h30<br \/><strong>S\u00e1bado<\/strong> \u2013 17h \u2013 18h30 \u2013 20h \u2013 21h30<\/p><p><!-- \/wp:paragraph --><!-- wp:separator {\"opacity\":\"css\"} --><\/p><hr class=\"wp-block-separator has-css-opacity\" \/><p><!-- \/wp:separator --><!-- wp:paragraph --><\/p><div align=\"justify\"><p>Voc\u00eas poder\u00e3o realizar a pr\u00e9-reserva da data desejada por e-mail ou telefone sem compromisso. Decidindo se casar nesta par\u00f3quia voc\u00eas dever\u00e3o entrar em contato com nosso setor de matrim\u00f4nios por um dos meios citados acima e marcar\u00e3o um dia para participar de uma reuni\u00e3o, para os devidos esclarecimentos sobre as normas, regras e todos os procedimentos relacionados ao casamento. Aproveitamos para convida-los para virem conhecer nossa Igreja e tomar um cafezinho conosco!<\/p><\/div><div align=\"justify\"><p>S\u00e3o Jos\u00e9, valei-nos!<\/p><\/div><p><!-- \/wp:paragraph --><!-- wp:paragraph --><\/p><p><!-- \/wp:paragraph --><!-- wp:paragraph --><\/p><p><!-- \/wp:paragraph --><!-- wp:heading --><\/p><h2 class=\"wp-block-heading\">A import\u00e2ncia do Sacramento do Matrim\u00f4nio\u00a0<\/h2><p><!-- \/wp:heading --><!-- wp:html --><\/p><div align=\"justify\"><p>Nenhum ser humano consegue viver sozinho, sem a presen\u00e7a e a amizade de outras pessoas. No matrimonio, essa amizade \u00e9 repartida entre o casal, constituindo na caminhada, a alian\u00e7a matrimonial, que mantem uma comunh\u00e3o por toda vida.<\/p><p>O casamento \u00e9 uma das tradi\u00e7\u00f5es mais antigas do mundo. Formar uma nova fam\u00edlia, um novo lar, uma nova vida totalmente compartilhada, na qual o destino do casal esteja entrela\u00e7ado e fundamentado no amor, n\u00e3o \u00e9 tarefa das mais f\u00e1ceis.<\/p><p>A import\u00e2ncia deste sacramento do homem se unir a mulher, a comunh\u00e3o de vida e de amor, pela qual os esposos, n\u00e3o s\u00e3o mais dois e sim uma s\u00f3 carne foi institu\u00edda por Deus nosso criador, com suas leis pr\u00f3prias e envolvida por uma ben\u00e7\u00e3o \u00fanica.<\/p><p>O sacramento \u00e9 constitu\u00eddo pela alian\u00e7a conjugal, pelo consentimento de ambos os c\u00f4njuges que livremente se entregam e se recebem.<\/p><p>Os que casam em Cristo procuram em fidelidade a Palavra de Deus vivendo e testemunhando publicamente o mist\u00e9rio da uni\u00e3o de Cristo e da Igreja.<\/p><p>O matrimonio \u00e9 uma doa\u00e7\u00e3o total ao outro e a Deus, por isso temos que estar preparados para esta caminhada, e para direcionar os filhos que vir\u00e3o no caminho certo.<\/p><p><strong>Muitos se perguntam: Porque casar na igreja?<\/strong><\/p><p>A resposta precisa vir do cora\u00e7\u00e3o. Uma uni\u00e3o necessita de amor total, precisa ser aut\u00eantico e vir livre de preceitos. Para se viver a alegria do matrim\u00f4nio h\u00e1 necessidade de entrega para que o caminho de plenitude leve o casal a uma vida feliz.<\/p><p>Quanto mais pr\u00f3ximos de Deus estamos, mais aberto fica nosso cora\u00e7\u00e3o e mais f\u00e1cil se torna nossa caminhada.<\/p><p>Firmar o matrim\u00f4nio requer, generosidade, cumplicidade e acima de tudo muito respeito.<\/p><\/div><p><!-- \/wp:html --><!-- wp:heading {\"level\":3} --><\/p><h3 class=\"wp-block-heading\">Tire suas d\u00favidas<\/h3><p><!-- \/wp:heading --><!-- wp:shortcode --><\/p><p><div class=\"hrf-faq-list\"><article class=\"hrf-entry\" id=\"hrf-entry-2774\">\n                      <h3 class=\"hrf-title close-faq\" data-content-id=\"hrf-content-2774\"><span><\/span>Como acalmar-se na correria dos preparativos para o casamento?<\/h3>\n                     <div class=\"hrf-content\" id=\"hrf-content-2774\"><p class=\"\"><span class=\"\" lang=\"EN-US\">Corriqueiramente, falar da fase do pr\u00e9 casamento traz \u00e0 mem\u00f3ria uma imagem muito comum: a noiva desesperada!<\/span><\/p>\r\n<p class=\"\"><span class=\"\" lang=\"EN-US\">Mediante tantas preocupa\u00e7\u00f5es, \u00e9 poss\u00edvel encontrar uma noiva tranquila?<\/span><\/p>\r\n<p class=\"\"><span class=\"\" lang=\"EN-US\">A ci\u00eancia explica que a ansiedade pelo t\u00e3o aguardado dia, conhecido como um dos mais especiais da vida, gera um turbilh\u00e3o de emo\u00e7\u00f5es, que s\u00e3o provocadas por altera\u00e7\u00f5es hormonais. A mulher passa por transforma\u00e7\u00f5es parecidas em sua fase pr\u00e9 menstrual, onde o humor se altera de irrita\u00e7\u00e3o \u00e0 fragilidade extrema num piscar de olhos.<\/span><\/p>\r\n<p class=\"\"><span class=\"\" lang=\"EN-US\">Diante do fato cient\u00edfico apontado, uma forma de controlar tantos sentimentos \u00e9 dar ao casamento um olhar diferente: o olhar para o valor do sacramento em quest\u00e3o.<\/span><\/p>\r\n<p class=\"\"><span class=\"\" lang=\"EN-US\">Na igreja, temos 7 sacramentos. T\u00e3o grande \u00e9 a import\u00e2ncia do matrim\u00f4nio, que ele merece este local de destaque.<\/span><\/p>\r\n<p class=\"\"><span class=\"\" lang=\"EN-US\">\u00c9 no momento do sim pronunciado pelos noivos que o Esp\u00edrito Santo vem habitar sobre a nova fase que se constr\u00f3i.<\/span><\/p>\r\n<p class=\"\"><span class=\"\" lang=\"EN-US\">\u00c9 na troca das alian\u00e7as que a fidelidade \u00e9 assumida um pelo outro.<\/span><\/p>\r\n<p class=\"\"><span class=\"\" lang=\"EN-US\">E \u00e9 na b\u00ean\u00e7\u00e3o matrimonial que Deus sela o compromisso do casal, onde um escolheu ao outro pela vida toda.<\/span><\/p>\r\n<p class=\"\"><span class=\"\" lang=\"EN-US\">A festa de casamento v\u00eam para celebrar todas essas maravilhas! E motivos n\u00e3o faltam para isso!<\/span><\/p>\r\n<p class=\"\"><span class=\"\" lang=\"EN-US\">Mas sempre que as preocupa\u00e7\u00f5es ocuparem espa\u00e7o de destaque em seu cotidiano e nos preparativos, pe\u00e7a o dom da paci\u00eancia e da sabedoria ao Esp\u00edrito Santo, para que voc\u00ea possa se preparar e se conscientizar que a festa existe e deve ser bela, porque mais um casal se prop\u00f5e \u00e0 assumir uma fam\u00edlia aben\u00e7oada por Deus!<\/span><\/p>\r\n<p class=\"\"><span class=\"\" lang=\"EN-US\">Dessa forma, a adrenalina ser\u00e1 controlada e a tens\u00e3o diminu\u00edda!<\/span><\/p>\r\n<p class=\"\"><span class=\"\" lang=\"EN-US\">Bons preparativos e Deus aben\u00e7oe voc\u00ea!<\/span><\/p>\n    <div class=\"xs_social_share_widget xs_share_url after_content \t\tmain_content  wslu-style-1 wslu-share-box-shaped wslu-fill-colored wslu-none wslu-share-horizontal wslu-theme-font-no wslu-main_content\">\n\n\t\t\n        <ul>\n\t\t\t        <\/ul>\n    <\/div> \n<\/div>\n                  <\/article><article style = \"display:block;text-align:right; font-size:11px\"> <a href=\"\" target=\"_blank\"><\/a><\/article><\/div><!-- HRF v 2.8.4 --><\/p><hr class=\"wp-block-separator has-css-opacity\" \/><p><!-- \/wp:shortcode --><!-- wp:paragraph --><\/p><p><!-- \/wp:paragraph --><\/p>\t\t\t\t\t\t\t\t<\/div>\n\t\t\t\t<\/div>\n\t\t\t\t\t<\/div>\n\t\t\t\t<\/div>\n\t\t<div class=\"elementor-element elementor-element-c7f8444 e-flex e-con-boxed e-con e-parent\" data-id=\"c7f8444\" data-element_type=\"container\" data-e-type=\"container\">\n\t\t\t\t\t<div class=\"e-con-inner\">\n\t\t\t\t<div class=\"elementor-element elementor-element-b48e072 elementor-widget elementor-widget-heading\" data-id=\"b48e072\" data-element_type=\"widget\" data-e-type=\"widget\" data-widget_type=\"heading.default\">\n\t\t\t\t<div class=\"elementor-widget-container\">\n\t\t\t\t\t<h2 class=\"elementor-heading-title elementor-size-default\">Fornecedores Indicados<\/h2>\t\t\t\t<\/div>\n\t\t\t\t<\/div>\n\t\t\t\t\t<\/div>\n\t\t\t\t<\/div>\n\t\t<div class=\"elementor-element elementor-element-41889bb e-flex e-con-boxed e-con e-parent\" data-id=\"41889bb\" data-element_type=\"container\" data-e-type=\"container\">\n\t\t\t\t\t<div class=\"e-con-inner\">\n\t\t\t\t<div class=\"elementor-element elementor-element-334f845 elementor-arrows-position-inside elementor-pagination-position-outside elementor-widget elementor-widget-image-carousel\" data-id=\"334f845\" data-element_type=\"widget\" data-e-type=\"widget\" data-settings=\"{&quot;navigation&quot;:&quot;both&quot;,&quot;autoplay&quot;:&quot;yes&quot;,&quot;pause_on_hover&quot;:&quot;yes&quot;,&quot;pause_on_interaction&quot;:&quot;yes&quot;,&quot;autoplay_speed&quot;:5000,&quot;infinite&quot;:&quot;yes&quot;,&quot;speed&quot;:500}\" data-widget_type=\"image-carousel.default\">\n\t\t\t\t<div class=\"elementor-widget-container\">\n\t\t\t\t\t\t\t<div class=\"elementor-image-carousel-wrapper swiper\" role=\"region\" aria-roledescription=\"carousel\" aria-label=\"Carrossel de imagens\" dir=\"ltr\">\n\t\t\t<div class=\"elementor-image-carousel swiper-wrapper\" aria-live=\"off\">\n\t\t\t\t\t\t\t\t<div class=\"swiper-slide\" role=\"group\" aria-roledescription=\"slide\" aria-label=\"1 de 1\"><figure class=\"swiper-slide-inner\"><img decoding=\"async\" class=\"swiper-slide-image\" src=\"https:\/\/saojosedoipiranga.com.br\/new\/wp-content\/uploads\/2025\/08\/Harmonia-das-Flores-1024x1024.jpg\" alt=\"Harmonia das Flores\" \/><\/figure><\/div>\t\t\t<\/div>\n\t\t\t\t\t<\/div>\n\t\t\t\t\t\t<\/div>\n\t\t\t\t<\/div>\n\t\t\t\t\t<\/div>\n\t\t\t\t<\/div>\n\t\t<div class=\"elementor-element elementor-element-53df7b7 e-flex e-con-boxed e-con e-parent\" data-id=\"53df7b7\" data-element_type=\"container\" data-e-type=\"container\">\n\t\t\t\t\t<div class=\"e-con-inner\">\n\t\t\t\t<div class=\"elementor-element elementor-element-3f9769c elementor-widget elementor-widget-button\" data-id=\"3f9769c\" data-element_type=\"widget\" data-e-type=\"widget\" data-widget_type=\"button.default\">\n\t\t\t\t<div class=\"elementor-widget-container\">\n\t\t\t\t\t\t\t\t\t<div class=\"elementor-button-wrapper\">\n\t\t\t\t\t<a class=\"elementor-button elementor-button-link elementor-size-sm\" href=\"https:\/\/saojosedoipiranga.com.br\/new\/fornecedores\">\n\t\t\t\t\t\t<span class=\"elementor-button-content-wrapper\">\n\t\t\t\t\t\t\t\t\t<span class=\"elementor-button-text\">VER TODOS<\/span>\n\t\t\t\t\t<\/span>\n\t\t\t\t\t<\/a>\n\t\t\t\t<\/div>\n\t\t\t\t\t\t\t\t<\/div>\n\t\t\t\t<\/div>\n\t\t\t\t\t<\/div>\n\t\t\t\t<\/div>\n\t\t\t\t<\/div>\n\t\t\n    <div class=\"xs_social_share_widget xs_share_url after_content \t\tmain_content  wslu-style-1 wslu-share-box-shaped wslu-fill-colored wslu-none wslu-share-horizontal wslu-theme-font-no wslu-main_content\">\n\n\t\t\n        <ul>\n\t\t\t        <\/ul>\n    <\/div> \n","protected":false},"excerpt":{"rendered":"<p>Informa\u00e7\u00f5es Matrim\u00f4nio SETOR DE MATRIM\u00d4NIOO setor de matrim\u00f4nio da Par\u00f3quia S\u00e3o Jos\u00e9 do Ipiranga \u00e9 cuidado com muito carinho pelo p\u00e1roco Pe. Gilmar, pois sabe que \u00e9 um dia \u00fanico&hellip; <br \/> <a class=\"read-more\" href=\"https:\/\/saojosedoipiranga.com.br\/new\/hrf_faq\/matrimonio_doc\/\">Leia mais<\/a><\/p>\n","protected":false},"author":3,"featured_media":2619,"parent":0,"menu_order":0,"comment_status":"closed","ping_status":"closed","template":"","meta":{"_vp_format_video_url":"","_vp_image_focal_point":{"x":0.5,"y":0},"footnotes":""},"class_list":["post-66","page","type-page","status-publish","has-post-thumbnail","hentry"],"_links":{"self":[{"href":"https:\/\/saojosedoipiranga.com.br\/new\/wp-json\/wp\/v2\/pages\/66","targetHints":{"allow":["GET"]}}],"collection":[{"href":"https:\/\/saojosedoipiranga.com.br\/new\/wp-json\/wp\/v2\/pages"}],"about":[{"href":"https:\/\/saojosedoipiranga.com.br\/new\/wp-json\/wp\/v2\/types\/page"}],"author":[{"embeddable":true,"href":"https:\/\/saojosedoipiranga.com.br\/new\/wp-json\/wp\/v2\/users\/3"}],"replies":[{"embeddable":true,"href":"https:\/\/saojosedoipiranga.com.br\/new\/wp-json\/wp\/v2\/comments?post=66"}],"version-history":[{"count":50,"href":"https:\/\/saojosedoipiranga.com.br\/new\/wp-json\/wp\/v2\/pages\/66\/revisions"}],"predecessor-version":[{"id":6223,"href":"https:\/\/saojosedoipiranga.com.br\/new\/wp-json\/wp\/v2\/pages\/66\/revisions\/6223"}],"wp:featuredmedia":[{"embeddable":true,"href":"https:\/\/saojosedoipiranga.com.br\/new\/wp-json\/wp\/v2\/media\/2619"}],"wp:attachment":[{"href":"https:\/\/saojosedoipiranga.com.br\/new\/wp-json\/wp\/v2\/media?parent=66"}],"curies":[{"name":"wp","href":"https:\/\/api.w.org\/{rel}","templated":true}]}}