{"id":649,"date":"2018-06-28T23:03:12","date_gmt":"2018-06-29T02:03:12","guid":{"rendered":"http:\/\/saojosedoipiranga.com.br\/site\/?page_id=649"},"modified":"2023-01-05T10:09:57","modified_gmt":"2023-01-05T13:09:57","slug":"faca-sua-doacao","status":"publish","type":"page","link":"https:\/\/saojosedoipiranga.com.br\/new\/faca-sua-doacao\/","title":{"rendered":"Voc\u00ea pode participar das obras da Par\u00f3quia, participe desta corrente do bem!"},"content":{"rendered":"\n<h2 class=\"wp-block-heading\">Doa\u00e7\u00f5es S\u00e3o Jos\u00e9 do Ipiranga<\/h2>\n\n\n\n<hr class=\"wp-block-separator\"\/>\n\n\n\n<div align=\"justify\"><strong>Participe da a\u00e7\u00e3o solid\u00e1ria \u00e0 Par\u00f3quia S\u00e3o Jos\u00e9 do Ipiranga<\/strong>. <br><br>Neste momento de pandemia a Par\u00f3quia precisa da sua ajuda para continuar suas a\u00e7\u00f5es na comunidade, contamos com diversos canais seguros que voc\u00ea pode participar.<br><br>\n\nEsta \u00e9 a p\u00e1gina principal de doa\u00e7\u00f5es e a\u00e7\u00f5es realizadas pela nossa Par\u00f3quia, acessando os links abaixo voc\u00ea poder\u00e1 obter maiores detalhes. Acesse, participe e apoie:<\/div><br>\n\n\n\n<figure class=\"wp-block-table\"><table><tbody><tr><td class=\"has-text-align-center\" data-align=\"center\"><strong>D\u00edzimo<\/strong><\/td><td class=\"has-text-align-center\" data-align=\"center\"><strong>Cestas<\/strong><\/td><\/tr><tr><td class=\"has-text-align-center\" data-align=\"center\"><a href=\"https:\/\/saojosedoipiranga.com.br\/new\/acao-solidaria-a-paroquia-sao-jose-do-ipiranga\/\" data-type=\"URL\" data-id=\"https:\/\/saojosedoipiranga.com.br\/new\/acao-solidaria-a-paroquia-sao-jose-do-ipiranga\/\"><img fetchpriority=\"high\" decoding=\"async\" width=\"280\" height=\"183\" class=\"wp-image-3889\" style=\"width: 280px;\" src=\"https:\/\/saojosedoipiranga.com.br\/new\/wp-content\/uploads\/2021\/02\/Doacoes_Dizimo-1.png\" alt=\"\" srcset=\"https:\/\/saojosedoipiranga.com.br\/new\/wp-content\/uploads\/2021\/02\/Doacoes_Dizimo-1.png 749w, https:\/\/saojosedoipiranga.com.br\/new\/wp-content\/uploads\/2021\/02\/Doacoes_Dizimo-1-300x196.png 300w, https:\/\/saojosedoipiranga.com.br\/new\/wp-content\/uploads\/2021\/02\/Doacoes_Dizimo-1-500x327.png 500w\" sizes=\"(max-width: 280px) 100vw, 280px\" \/><\/a><br><a href=\"https:\/\/saojosedoipiranga.com.br\/new\/acao-solidaria-a-paroquia-sao-jose-do-ipiranga\/\" data-type=\"URL\" data-id=\"https:\/\/saojosedoipiranga.com.br\/new\/acao-solidaria-a-paroquia-sao-jose-do-ipiranga\/\">Saiba mais<\/a><\/td><td class=\"has-text-align-center\" data-align=\"center\"><a href=\"https:\/\/saojosedoipiranga.com.br\/new\/doacoes-cestas\/\" data-type=\"URL\" data-id=\"https:\/\/saojosedoipiranga.com.br\/new\/doacoes-cestas\/\"><img decoding=\"async\" width=\"280\" height=\"183\" class=\"wp-image-3893\" style=\"width: 280px;\" src=\"https:\/\/saojosedoipiranga.com.br\/new\/wp-content\/uploads\/2021\/02\/Doacoes_Cestas-1.png\" alt=\"\" srcset=\"https:\/\/saojosedoipiranga.com.br\/new\/wp-content\/uploads\/2021\/02\/Doacoes_Cestas-1.png 748w, https:\/\/saojosedoipiranga.com.br\/new\/wp-content\/uploads\/2021\/02\/Doacoes_Cestas-1-300x197.png 300w, https:\/\/saojosedoipiranga.com.br\/new\/wp-content\/uploads\/2021\/02\/Doacoes_Cestas-1-500x328.png 500w\" sizes=\"(max-width: 280px) 100vw, 280px\" \/><\/a><br><a href=\"https:\/\/saojosedoipiranga.com.br\/new\/doacoes-cestas\/\" data-type=\"URL\" data-id=\"https:\/\/saojosedoipiranga.com.br\/new\/doacoes-cestas\/\">Saiba mais<\/a><\/td><\/tr><\/tbody><\/table><\/figure>\n\n\n\n<div align=\"center\"><b>Para doar \u00e9 simples, r\u00e1pido e seguro:<\/b>\n<p>&nbsp;<\/p>\n<\/div>\n\n\n\n<div class=\"wp-block-image\"><figure class=\"aligncenter is-resized\"><img decoding=\"async\" src=\"https:\/\/saojosedoipiranga.com.br\/new\/wp-content\/uploads\/2021\/05\/pix-300x106.png\" alt=\"\" class=\"wp-image-4288\" width=\"180\" srcset=\"https:\/\/saojosedoipiranga.com.br\/new\/wp-content\/uploads\/2021\/05\/pix-300x106.png 300w, https:\/\/saojosedoipiranga.com.br\/new\/wp-content\/uploads\/2021\/05\/pix-500x176.png 500w, https:\/\/saojosedoipiranga.com.br\/new\/wp-content\/uploads\/2021\/05\/pix.png 540w\" sizes=\"(max-width: 300px) 100vw, 300px\" \/><\/figure><\/div>\n\n\n\n<div align=\"center\"><b>Via PIX<\/b><b><\/b><br><b>Chave: <\/b>63.089.825\/0102-98 <br>Mitra Arquidiocesana de S\u00e3o Paulo<\/div>\n\n\n\n<div align=\"center\">\n<p>&nbsp;<\/p>\n<\/div>\n\n\n\n<p class=\"has-text-align-center\">&#8230;<\/p>\n\n\n\n<div class=\"wp-block-image\"><figure class=\"aligncenter size-full is-resized\"><img decoding=\"async\" src=\"https:\/\/saojosedoipiranga.com.br\/new\/wp-content\/uploads\/2022\/04\/logo-sicred1-1.jpg\" alt=\"\" class=\"wp-image-4918\" width=\"210\" srcset=\"https:\/\/saojosedoipiranga.com.br\/new\/wp-content\/uploads\/2022\/04\/logo-sicred1-1.jpg 359w, https:\/\/saojosedoipiranga.com.br\/new\/wp-content\/uploads\/2022\/04\/logo-sicred1-1-300x77.jpg 300w\" sizes=\"(max-width: 359px) 100vw, 359px\" \/><\/figure><\/div>\n\n\n\n<div align=\"center\"><strong>Transfer\u00eancia Banc\u00e1ria<\/strong><\/div>\n\n\n\n<div align=\"center\"><b>Banco Sicredi<\/b><br><b>Ag\u00eancia: <\/b>0726<br><b>Conta Corrente: <\/b>27648-1<br>Mitra Arquidiocesana de S\u00e3o Paulo\n<p>&nbsp;<\/p>\n<\/div>\n\n\n\n<p class=\"has-text-align-center\">&#8230;<\/p>\n\n\n\n<p><\/p>\n\n\n\n<p><\/p>\n\n\n\n<p><\/p>\n\n    <div class=\"xs_social_share_widget xs_share_url after_content \t\tmain_content  wslu-style-1 wslu-share-box-shaped wslu-fill-colored wslu-none wslu-share-horizontal wslu-theme-font-no wslu-main_content\">\n\n\t\t\n        <ul>\n\t\t\t        <\/ul>\n    <\/div> \n","protected":false},"excerpt":{"rendered":"<p>Doa\u00e7\u00f5es S\u00e3o Jos\u00e9 do Ipiranga Participe da a\u00e7\u00e3o solid\u00e1ria \u00e0 Par\u00f3quia S\u00e3o Jos\u00e9 do Ipiranga. Neste momento de pandemia a Par\u00f3quia precisa da sua ajuda para continuar suas a\u00e7\u00f5es na&hellip; <br \/> <a class=\"read-more\" href=\"https:\/\/saojosedoipiranga.com.br\/new\/faca-sua-doacao\/\">Leia mais<\/a><\/p>\n","protected":false},"author":3,"featured_media":2617,"parent":0,"menu_order":0,"comment_status":"closed","ping_status":"closed","template":"","meta":{"_vp_format_video_url":"","_vp_image_focal_point":{"x":0,"y":0},"footnotes":""},"class_list":["post-649","page","type-page","status-publish","has-post-thumbnail","hentry"],"_links":{"self":[{"href":"https:\/\/saojosedoipiranga.com.br\/new\/wp-json\/wp\/v2\/pages\/649","targetHints":{"allow":["GET"]}}],"collection":[{"href":"https:\/\/saojosedoipiranga.com.br\/new\/wp-json\/wp\/v2\/pages"}],"about":[{"href":"https:\/\/saojosedoipiranga.com.br\/new\/wp-json\/wp\/v2\/types\/page"}],"author":[{"embeddable":true,"href":"https:\/\/saojosedoipiranga.com.br\/new\/wp-json\/wp\/v2\/users\/3"}],"replies":[{"embeddable":true,"href":"https:\/\/saojosedoipiranga.com.br\/new\/wp-json\/wp\/v2\/comments?post=649"}],"version-history":[{"count":94,"href":"https:\/\/saojosedoipiranga.com.br\/new\/wp-json\/wp\/v2\/pages\/649\/revisions"}],"predecessor-version":[{"id":5687,"href":"https:\/\/saojosedoipiranga.com.br\/new\/wp-json\/wp\/v2\/pages\/649\/revisions\/5687"}],"wp:featuredmedia":[{"embeddable":true,"href":"https:\/\/saojosedoipiranga.com.br\/new\/wp-json\/wp\/v2\/media\/2617"}],"wp:attachment":[{"href":"https:\/\/saojosedoipiranga.com.br\/new\/wp-json\/wp\/v2\/media?parent=649"}],"curies":[{"name":"wp","href":"https:\/\/api.w.org\/{rel}","templated":true}]}}