{"id":64,"date":"2017-09-02T17:36:43","date_gmt":"2017-09-02T20:36:43","guid":{"rendered":"http:\/\/saojosedoipiranga.com.br\/site\/?page_id=64"},"modified":"2021-02-25T14:39:37","modified_gmt":"2021-02-25T17:39:37","slug":"pastorais","status":"publish","type":"page","link":"https:\/\/saojosedoipiranga.com.br\/new\/pastorais\/","title":{"rendered":"Pastorais"},"content":{"rendered":"\n<h2 class=\"wp-block-heading\">Pastorais SJI<\/h2>\n\n\n\n<hr class=\"wp-block-separator\"\/>\n\n\n<p><!-- Begin MailChimp Signup Form --><\/p>\n<div id=\"mc_embed_signup\">\n<form id=\"mc-embedded-subscribe-form\" class=\"validate\" action=\"https:\/\/saojosedoipiranga.us17.list-manage.com\/subscribe\/post?u=b9a020b9e614156d0c1e67e5b&amp;id=14b656f87f\" method=\"post\" name=\"mc-embedded-subscribe-form\" novalidate=\"\" target=\"_blank\">\n<div id=\"mc_embed_signup_scroll\">\n<div class=\"indicates-required\">\n<p>A Par\u00f3quia S\u00e3o Jos\u00e9 do Ipiranga vem realizando grande trabalho na Comunidade atrav\u00e9s de suas Pastorais, organizando-se e realizando trabalhos \u00edmpares para sociedade.<\/p>\n<p>Conhe\u00e7a todos os servi\u00e7os que est\u00e3o a sua disposi\u00e7\u00e3o, conhe\u00e7a o trabalho de cada Pastoral, identifique-se, inspire-se e fa\u00e7a parte de uma delas, cada Pastoral tem um formul\u00e1rio de contato que permite que tire suas d\u00favidas diretamente com o dirigente, f\u00e1cil e r\u00e1pido. Aguardamos seu contato.<\/p>\n<\/div>\n<div>\n<hr>\n<\/div>\n<div><span class=\"asterisk\">*Campo Obrigat\u00f3rio<\/span><\/div>\n<h5><em>Cadastro para &#8220;Agentes Pastorais&#8221;<\/em><\/h5>\n<hr>\n<div class=\"mc-field-group\"><label for=\"mce-FNAME\">Nome <span class=\"asterisk\">*<\/span><br>\n<\/label><input id=\"mce-FNAME\" class=\"required\" name=\"FNAME\" type=\"text\" value=\"\"><\/div>\n<div><\/div>\n<div class=\"mc-field-group\"><label for=\"mce-LNAME\">Sobrenome <span class=\"asterisk\">*<\/span><br>\n<\/label><input id=\"mce-LNAME\" class=\"required\" name=\"LNAME\" type=\"text\" value=\"\"><\/div>\n<div><\/div>\n<div class=\"mc-field-group\"><label for=\"mce-EMAIL\">Email <span class=\"asterisk\">*<\/span><br>\n<\/label><input id=\"mce-EMAIL\" class=\"required email\" name=\"EMAIL\" type=\"email\" value=\"\"><\/div>\n<p>&nbsp;<\/p>\n<div><\/div>\n<div>\n<p>&nbsp;<label for=\"mce-BIRTHDAY-month\">Nascimento <span class=\"asterisk\">*<\/span><\/label><\/p>\n<div class=\"datefield\">&nbsp;<span class=\"subfield dayfield\"><input id=\"mce-BIRTHDAY-day\" class=\"datepart required\" maxlength=\"2\" name=\"BIRTHDAY[day]\" pattern=\"[0-9]*\" size=\"2\" type=\"text\" value=\"\" placeholder=\"DD\"><\/span> \/<span class=\"subfield monthfield\"><input id=\"mce-BIRTHDAY-month\" class=\"datepart required\" maxlength=\"2\" name=\"BIRTHDAY[month]\" pattern=\"[0-9]*\" size=\"2\" type=\"text\" value=\"\" placeholder=\"MM\"><\/span><br>\n<span class=\"small-meta nowrap\">( dd \/ mm )<\/span><\/div>\n<p>&nbsp;<\/p>\n<p>Fone de Contato<\/p>\n<\/div>\n<div class=\"mc-field-group size1of2\"><input id=\"mce-MMERGE4\" class=\"\" name=\"MMERGE4\" type=\"text\" value=\"\"><\/div>\n<div class=\"mc-field-group input-group\"><strong>Tem Whatsapp neste fone de contato ? <span class=\"asterisk\">*<\/span><br>\n<\/strong><p><\/p>\n<ul>\n<li><input id=\"mce-MMERGE6-0\" name=\"MMERGE6\" type=\"radio\" value=\"Sim\"><label for=\"mce-MMERGE6-0\">Sim<\/label><\/li>\n<li><input id=\"mce-MMERGE6-1\" name=\"MMERGE6\" type=\"radio\" value=\"N\u00e3o\"><label for=\"mce-MMERGE6-1\">N\u00e3o<\/label><\/li>\n<\/ul>\n<\/div>\n<div class=\"mc-field-group\"><label for=\"mce-MMERGE5\">Qual(is) Pastoral(is) participa ? <span class=\"asterisk\">*<\/span><br>\n<\/label><br>\n<input id=\"mce-MMERGE5\" class=\"required\" name=\"MMERGE5\" type=\"text\" value=\"\"><\/div>\n<div id=\"mce-responses\" class=\"clear\"><\/div>\n<p><!-- real people should not fill this in and expect good things - do not remove this or risk form bot signups--><\/p>\n<div style=\"position: absolute; left: -5000px;\" aria-hidden=\"true\"><input tabindex=\"-1\" name=\"b_b9a020b9e614156d0c1e67e5b_14b656f87f\" type=\"text\" value=\"\"><\/div>\n<div class=\"clear\"><input id=\"mc-embedded-subscribe\" class=\"button\" name=\"subscribe\" type=\"submit\" value=\"Cadastre\"><\/div>\n<\/div>\n<\/form>\n<\/div>\n<p><script type=\"text\/javascript\" src=\"\/\/s3.amazonaws.com\/downloads.mailchimp.com\/js\/mc-validate.js\"><\/script><script type=\"text\/javascript\">(function($) {window.fnames = new Array(); window.ftypes = new Array();fnames[1]='FNAME';ftypes[1]='text';fnames[2]='LNAME';ftypes[2]='text';fnames[0]='EMAIL';ftypes[0]='email';fnames[3]='BIRTHDAY';ftypes[3]='birthday';fnames[4]='MMERGE4';ftypes[4]='phone';fnames[6]='MMERGE6';ftypes[6]='radio';fnames[5]='MMERGE5';ftypes[5]='text'; \/**<br \/>\n * Translated default messages for the $ validation plugin.<br \/>\n * Locale: PT_PT<br \/>\n *\/<br \/>\n$.extend($.validator.messages, {<br \/>\n\trequired: \"Campo de preenchimento obrigat&oacute;rio.\",<br \/>\n\tremote: \"Por favor, corrija este campo.\",<br \/>\n\temail: \"Por favor, introduza um endere&ccedil;o eletr&oacute;nico v&aacute;lido.\",<br \/>\n\turl: \"Por favor, introduza um URL v&aacute;lido.\",<br \/>\n\tdate: \"Por favor, introduza uma data v&aacute;lida.\",<br \/>\n\tdateISO: \"Por favor, introduza uma data v&aacute;lida (ISO).\",<br \/>\n\tnumber: \"Por favor, introduza um n&uacute;mero v&aacute;lido.\",<br \/>\n\tdigits: \"Por favor, introduza apenas d&iacute;gitos.\",<br \/>\n\tcreditcard: \"Por favor, introduza um n&uacute;mero de cart&atilde;o de cr&eacute;dito v&aacute;lido.\",<br \/>\n\tequalTo: \"Por favor, introduza de novo o mesmo valor.\",<br \/>\n\taccept: \"Por favor, introduza um ficheiro com uma extens&atilde;o v&aacute;lida.\",<br \/>\n\tmaxlength: $.validator.format(\"Por favor, n&atilde;o introduza mais do que {0} caracteres.\"),<br \/>\n\tminlength: $.validator.format(\"Por favor, introduza pelo menos {0} caracteres.\"),<br \/>\n\trangelength: $.validator.format(\"Por favor, introduza entre {0} e {1} caracteres.\"),<br \/>\n\trange: $.validator.format(\"Por favor, introduza um valor entre {0} e {1}.\"),<br \/>\n\tmax: $.validator.format(\"Por favor, introduza um valor menor ou igual a {0}.\"),<br \/>\n\tmin: $.validator.format(\"Por favor, introduza um valor maior ou igual a {0}.\")<br \/>\n});}(jQuery));var $mcj = jQuery.noConflict(true);<\/script><br>\n<!--End mc_embed_signup--><\/p>\n    <div class=\"xs_social_share_widget xs_share_url after_content \t\tmain_content  wslu-style-1 wslu-share-box-shaped wslu-fill-colored wslu-none wslu-share-horizontal wslu-theme-font-no wslu-main_content\">\n\n\t\t\n        <ul>\n\t\t\t        <\/ul>\n    <\/div> \n","protected":false},"excerpt":{"rendered":"<p>Pastorais SJI A Par\u00f3quia S\u00e3o Jos\u00e9 do Ipiranga vem realizando grande trabalho na Comunidade atrav\u00e9s de suas Pastorais, organizando-se e realizando trabalhos \u00edmpares para sociedade. Conhe\u00e7a todos os servi\u00e7os que&hellip; <br \/> <a class=\"read-more\" href=\"https:\/\/saojosedoipiranga.com.br\/new\/pastorais\/\">Leia mais<\/a><\/p>\n","protected":false},"author":3,"featured_media":389,"parent":0,"menu_order":0,"comment_status":"closed","ping_status":"closed","template":"","meta":{"_vp_format_video_url":"","_vp_image_focal_point":[],"footnotes":""},"class_list":["post-64","page","type-page","status-publish","has-post-thumbnail","hentry"],"_links":{"self":[{"href":"https:\/\/saojosedoipiranga.com.br\/new\/wp-json\/wp\/v2\/pages\/64","targetHints":{"allow":["GET"]}}],"collection":[{"href":"https:\/\/saojosedoipiranga.com.br\/new\/wp-json\/wp\/v2\/pages"}],"about":[{"href":"https:\/\/saojosedoipiranga.com.br\/new\/wp-json\/wp\/v2\/types\/page"}],"author":[{"embeddable":true,"href":"https:\/\/saojosedoipiranga.com.br\/new\/wp-json\/wp\/v2\/users\/3"}],"replies":[{"embeddable":true,"href":"https:\/\/saojosedoipiranga.com.br\/new\/wp-json\/wp\/v2\/comments?post=64"}],"version-history":[{"count":2,"href":"https:\/\/saojosedoipiranga.com.br\/new\/wp-json\/wp\/v2\/pages\/64\/revisions"}],"predecessor-version":[{"id":3834,"href":"https:\/\/saojosedoipiranga.com.br\/new\/wp-json\/wp\/v2\/pages\/64\/revisions\/3834"}],"wp:featuredmedia":[{"embeddable":true,"href":"https:\/\/saojosedoipiranga.com.br\/new\/wp-json\/wp\/v2\/media\/389"}],"wp:attachment":[{"href":"https:\/\/saojosedoipiranga.com.br\/new\/wp-json\/wp\/v2\/media?parent=64"}],"curies":[{"name":"wp","href":"https:\/\/api.w.org\/{rel}","templated":true}]}}