{"id":561,"date":"2018-05-31T18:52:50","date_gmt":"2018-05-31T21:52:50","guid":{"rendered":"http:\/\/saojosedoipiranga.com.br\/site\/?page_id=561"},"modified":"2021-02-25T14:59:58","modified_gmt":"2021-02-25T17:59:58","slug":"bolo-de-sao-jose","status":"publish","type":"page","link":"https:\/\/saojosedoipiranga.com.br\/new\/bolo-de-sao-jose\/","title":{"rendered":"Bolo de S\u00e3o Jos\u00e9"},"content":{"rendered":"\n<h2 class=\"wp-block-heading\">Nosso bolo<\/h2>\n\n\n\n<hr class=\"wp-block-separator\"\/>\n\n\n<div align=\"justify\">\n<p>Agora a receita do famoso Bolo de S\u00e3o Jos\u00e9 vai ficar dispon\u00edvel para todos aprenderem a fazer.<\/p>\n<h4>Ingredientes<\/h4>\n<hr>\n<p><label class=\"grid-lg-11 grid-sm-11\" for=\"ingrediente-133153-0\">6 unidades de ovo (separar gema e clara)<br><\/label><label class=\"grid-lg-11 grid-sm-11\" for=\"ingrediente-133153-1\">1 pitada de sal<br><\/label><label class=\"grid-lg-11 grid-sm-11\" for=\"ingrediente-133153-2\">2 x\u00edcara de ch\u00e1 de a\u00e7\u00facar Uni\u00e3o<br><\/label><label class=\"grid-lg-11 grid-sm-11\" for=\"ingrediente-133153-3\">3 x\u00edcara de ch\u00e1 farinha de trigo peneirada<br><\/label><label class=\"grid-lg-11 grid-sm-11\" for=\"ingrediente-133153-4\">1 colher de sopa de fermento em p\u00f3 ROYAL<br><\/label><label class=\"grid-lg-11 grid-sm-11\" for=\"ingrediente-133153-5\">1 x\u00edcara de ch\u00e1 de suco de laranja<br><\/label><\/p>\n<h4>Modo de Preparo<\/h4>\n<hr>\n<p>Na batedeira, bater muito bem as gemas com o a\u00e7\u00facar, depois colocar aos poucos o suco de laranja.<br>Desligue a batedeira e misture a farinha de trigo e o fermento, em seguida adicionar delicadamente as claras em neve, com uma pitada de sal. Despejar em uma assadeira (25&#215;35), untada e enfarinhada. Leve ao forno preaquecido a 180\u00b0 por 40 minutos.<\/p>\n<h4>Cobertura<\/h4>\n<hr>\n<div class=\"grid-lg-11 grid-sm-11 omega\">\u00c0 parte: fazer um glac\u00ea com 2 x\u00edc\/ch\u00e1 de a\u00e7\u00facar&nbsp; e 1 x\u00edcara de ch\u00e1 de suco de laranja. Passar sobre o bolo ainda quente. Nas festas de S\u00e3o Jos\u00e9 este bolo faz um grande sucesso.<\/div>\n<\/div>\n    <div class=\"xs_social_share_widget xs_share_url after_content \t\tmain_content  wslu-style-1 wslu-share-box-shaped wslu-fill-colored wslu-none wslu-share-horizontal wslu-theme-font-no wslu-main_content\">\n\n\t\t\n        <ul>\n\t\t\t        <\/ul>\n    <\/div> \n","protected":false},"excerpt":{"rendered":"<p>Nosso bolo Agora a receita do famoso Bolo de S\u00e3o Jos\u00e9 vai ficar dispon\u00edvel para todos aprenderem a fazer. Ingredientes 6 unidades de ovo (separar gema e clara)1 pitada de&hellip; <br \/> <a class=\"read-more\" href=\"https:\/\/saojosedoipiranga.com.br\/new\/bolo-de-sao-jose\/\">Leia mais<\/a><\/p>\n","protected":false},"author":3,"featured_media":2616,"parent":0,"menu_order":0,"comment_status":"closed","ping_status":"closed","template":"","meta":{"_vp_format_video_url":"","_vp_image_focal_point":[],"footnotes":""},"class_list":["post-561","page","type-page","status-publish","has-post-thumbnail","hentry"],"_links":{"self":[{"href":"https:\/\/saojosedoipiranga.com.br\/new\/wp-json\/wp\/v2\/pages\/561","targetHints":{"allow":["GET"]}}],"collection":[{"href":"https:\/\/saojosedoipiranga.com.br\/new\/wp-json\/wp\/v2\/pages"}],"about":[{"href":"https:\/\/saojosedoipiranga.com.br\/new\/wp-json\/wp\/v2\/types\/page"}],"author":[{"embeddable":true,"href":"https:\/\/saojosedoipiranga.com.br\/new\/wp-json\/wp\/v2\/users\/3"}],"replies":[{"embeddable":true,"href":"https:\/\/saojosedoipiranga.com.br\/new\/wp-json\/wp\/v2\/comments?post=561"}],"version-history":[{"count":8,"href":"https:\/\/saojosedoipiranga.com.br\/new\/wp-json\/wp\/v2\/pages\/561\/revisions"}],"predecessor-version":[{"id":3869,"href":"https:\/\/saojosedoipiranga.com.br\/new\/wp-json\/wp\/v2\/pages\/561\/revisions\/3869"}],"wp:featuredmedia":[{"embeddable":true,"href":"https:\/\/saojosedoipiranga.com.br\/new\/wp-json\/wp\/v2\/media\/2616"}],"wp:attachment":[{"href":"https:\/\/saojosedoipiranga.com.br\/new\/wp-json\/wp\/v2\/media?parent=561"}],"curies":[{"name":"wp","href":"https:\/\/api.w.org\/{rel}","templated":true}]}}