{"id":5320,"date":"2022-10-06T16:30:16","date_gmt":"2022-10-06T19:30:16","guid":{"rendered":"https:\/\/saojosedoipiranga.com.br\/new\/?page_id=5320"},"modified":"2022-10-06T16:30:16","modified_gmt":"2022-10-06T19:30:16","slug":"ministerio-das-ostiarias","status":"publish","type":"page","link":"https:\/\/saojosedoipiranga.com.br\/new\/ministerio-das-ostiarias\/","title":{"rendered":"Minist\u00e9rio das Osti\u00e1rias"},"content":{"rendered":"\n<hr class=\"wp-block-separator\"\/>\n\n\n\n<h2 class=\"wp-block-heading\">Minist\u00e9rio das Osti\u00e1rias<\/h2>\n\n\n\n<p>Aqui na Par\u00f3quia S\u00e3o Jos\u00e9 contamos com muitas equipes que formam pastorais, movimentos, servi\u00e7os e minist\u00e9rios, com a miss\u00e3o linda de acolher e evangelizar os paroquianos que frequentam ou que visitam nossa Igreja, casa de S\u00e3o Jos\u00e9, nosso Padroeiro.<\/p>\n\n\n\n<p>Cada equipe tem uma fun\u00e7\u00e3o e miss\u00e3o e contam com volunt\u00e1rios, que se dedicam e colocam todo seu cora\u00e7\u00e3o para cumprir sua tarefa, fazendo o seu melhor para Deus e para o pr\u00f3ximo.<\/p>\n\n\n\n<p>Dentre todas essas equipes temos o Minist\u00e9rio das Osti\u00e1rias.<\/p>\n\n\n\n<p>Voc\u00ea j\u00e1 ouviu falar nesse Minist\u00e9rio?<\/p>\n\n\n\n<p>Pois bem, Osti\u00e1ria \u00e9 o minist\u00e9rio que tem como responsabilidade cuidar dos objetos lit\u00fargicos e vestes lit\u00fargicas. Para que uma celebra\u00e7\u00e3o saia em ordem \u00e9 muito importante que o ambiente esteja organizado e que os objetos lit\u00fargicos sejam preparados \u2013 essa \u00e9 a fun\u00e7\u00e3o do nosso minist\u00e9rio.<\/p>\n\n\n\n<div class=\"wp-block-media-text alignwide is-stacked-on-mobile\"><figure class=\"wp-block-media-text__media\"><img fetchpriority=\"high\" decoding=\"async\" width=\"1024\" height=\"769\" src=\"https:\/\/saojosedoipiranga.com.br\/new\/wp-content\/uploads\/2022\/09\/ostiarias-1024x769.jpg\" alt=\"\" class=\"wp-image-5263 size-full\" srcset=\"https:\/\/saojosedoipiranga.com.br\/new\/wp-content\/uploads\/2022\/09\/ostiarias-1024x769.jpg 1024w, https:\/\/saojosedoipiranga.com.br\/new\/wp-content\/uploads\/2022\/09\/ostiarias-300x225.jpg 300w, https:\/\/saojosedoipiranga.com.br\/new\/wp-content\/uploads\/2022\/09\/ostiarias-768x576.jpg 768w, https:\/\/saojosedoipiranga.com.br\/new\/wp-content\/uploads\/2022\/09\/ostiarias-1536x1153.jpg 1536w, https:\/\/saojosedoipiranga.com.br\/new\/wp-content\/uploads\/2022\/09\/ostiarias-500x375.jpg 500w, https:\/\/saojosedoipiranga.com.br\/new\/wp-content\/uploads\/2022\/09\/ostiarias-800x600.jpg 800w, https:\/\/saojosedoipiranga.com.br\/new\/wp-content\/uploads\/2022\/09\/ostiarias-1280x961.jpg 1280w, https:\/\/saojosedoipiranga.com.br\/new\/wp-content\/uploads\/2022\/09\/ostiarias-1439x1080.jpg 1439w, https:\/\/saojosedoipiranga.com.br\/new\/wp-content\/uploads\/2022\/09\/ostiarias.jpg 1772w\" sizes=\"(max-width: 1024px) 100vw, 1024px\" \/><\/figure><div class=\"wp-block-media-text__content\">\n<p style=\"font-size:18px\">Em nossa Par\u00f3quia, as osti\u00e1rias s\u00e3o respons\u00e1veis por, seguindo o calend\u00e1rio lit\u00fargico, trocar as toalhas do altar principal, dos outros altares, do baldaquino, o conopeu (aquela \u201ccortininha\u201d que fica na porta do sacr\u00e1rio), da cred\u00eancia (a mesa onde se colocam os objetos da comunh\u00e3o), do amb\u00e3o (local de onde se proclama a Palavra) e da estante do animador.<\/p>\n<\/div><\/div>\n\n\n\n<p><strong>CURIOSIDADE<\/strong><br>Nos prim\u00f3rdios do cristianismo os \u201cOsti\u00e1rios\u201d (palavra de origem latina derivada de \u201costium\u201d, que significa \u201cporta\u201d) eram pessoas que cuidavam das chaves e das portas dos templos. Era, portanto, uma esp\u00e9cie de porteiro. Temos que imaginar um tempo em que o cristianismo era novidade e muitas vezes n\u00e3o era bem visto pela sociedade que o cercava. Era preciso que algu\u00e9m garantisse a seguran\u00e7a do ambiente da comunidade. Em alguns lugares o osti\u00e1rio era encarregado tamb\u00e9m de tocar os sinos e de cuidar do templo. \u00c9, portanto, o precursor da fun\u00e7\u00e3o que hoje conhecemos pelo nome de \u201csacrist\u00e3o\u201d. Os candidatos ao sacerd\u00f3cio, antes de serem ordenandos recebiam algumas \u201cordens menores\u201d, entre elas a de \u201costi\u00e1rio\u201d. Outras ordens menores eram as de leitor, exorcista e ac\u00f3lito. As ordens maiores seriam o sub-diaconato, diaconato e presbiterato. Durante a missa o osti\u00e1rio deveria ficar na porta do templo cuidando para que a celebra\u00e7\u00e3o acontecesse sem nenhum incidente. Se entrasse algu\u00e9m que n\u00e3o pertencesse \u00e0 comunidade e perturbasse o ambiente, o osti\u00e1rio tinha a fun\u00e7\u00e3o de pedir que se retirasse. Era uma esp\u00e9cie de \u201cseguran\u00e7a\u201d da comunidade.<\/p>\n\n    <div class=\"xs_social_share_widget xs_share_url after_content \t\tmain_content  wslu-style-1 wslu-share-box-shaped wslu-fill-colored wslu-none wslu-share-horizontal wslu-theme-font-no wslu-main_content\">\n\n\t\t\n        <ul>\n\t\t\t        <\/ul>\n    <\/div> \n","protected":false},"excerpt":{"rendered":"<p>Minist\u00e9rio das Osti\u00e1rias Aqui na Par\u00f3quia S\u00e3o Jos\u00e9 contamos com muitas equipes que formam pastorais, movimentos, servi\u00e7os e minist\u00e9rios, com a miss\u00e3o linda de acolher e evangelizar os paroquianos que&hellip; <br \/> <a class=\"read-more\" href=\"https:\/\/saojosedoipiranga.com.br\/new\/ministerio-das-ostiarias\/\">Leia mais<\/a><\/p>\n","protected":false},"author":3,"featured_media":5263,"parent":0,"menu_order":0,"comment_status":"closed","ping_status":"closed","template":"","meta":{"_vp_format_video_url":"","_vp_image_focal_point":[],"footnotes":""},"class_list":["post-5320","page","type-page","status-publish","has-post-thumbnail","hentry"],"_links":{"self":[{"href":"https:\/\/saojosedoipiranga.com.br\/new\/wp-json\/wp\/v2\/pages\/5320","targetHints":{"allow":["GET"]}}],"collection":[{"href":"https:\/\/saojosedoipiranga.com.br\/new\/wp-json\/wp\/v2\/pages"}],"about":[{"href":"https:\/\/saojosedoipiranga.com.br\/new\/wp-json\/wp\/v2\/types\/page"}],"author":[{"embeddable":true,"href":"https:\/\/saojosedoipiranga.com.br\/new\/wp-json\/wp\/v2\/users\/3"}],"replies":[{"embeddable":true,"href":"https:\/\/saojosedoipiranga.com.br\/new\/wp-json\/wp\/v2\/comments?post=5320"}],"version-history":[{"count":2,"href":"https:\/\/saojosedoipiranga.com.br\/new\/wp-json\/wp\/v2\/pages\/5320\/revisions"}],"predecessor-version":[{"id":5323,"href":"https:\/\/saojosedoipiranga.com.br\/new\/wp-json\/wp\/v2\/pages\/5320\/revisions\/5323"}],"wp:featuredmedia":[{"embeddable":true,"href":"https:\/\/saojosedoipiranga.com.br\/new\/wp-json\/wp\/v2\/media\/5263"}],"wp:attachment":[{"href":"https:\/\/saojosedoipiranga.com.br\/new\/wp-json\/wp\/v2\/media?parent=5320"}],"curies":[{"name":"wp","href":"https:\/\/api.w.org\/{rel}","templated":true}]}}