{"id":4300,"date":"2021-05-17T15:34:29","date_gmt":"2021-05-17T18:34:29","guid":{"rendered":"https:\/\/saojosedoipiranga.com.br\/new\/?page_id=4300"},"modified":"2023-01-05T09:46:46","modified_gmt":"2023-01-05T12:46:46","slug":"doacoes-cestas","status":"publish","type":"page","link":"https:\/\/saojosedoipiranga.com.br\/new\/doacoes-cestas\/","title":{"rendered":"Doa\u00e7\u00f5es Cestas"},"content":{"rendered":"\n<div align=\"center\"><b>Para doar \u00e9 simples, r\u00e1pido e seguro:<\/b>\n<p>&nbsp;<\/p>\n<p>&nbsp;<\/p>\n<\/div>\n\n\n\n<div class=\"wp-block-image\"><figure class=\"aligncenter size-large is-resized\"><img decoding=\"async\" src=\"https:\/\/saojosedoipiranga.com.br\/new\/wp-content\/uploads\/2021\/05\/pix.png\" alt=\"\" class=\"wp-image-4288\" width=\"180\" srcset=\"https:\/\/saojosedoipiranga.com.br\/new\/wp-content\/uploads\/2021\/05\/pix.png 540w, https:\/\/saojosedoipiranga.com.br\/new\/wp-content\/uploads\/2021\/05\/pix-300x106.png 300w, https:\/\/saojosedoipiranga.com.br\/new\/wp-content\/uploads\/2021\/05\/pix-500x176.png 500w\" sizes=\"(max-width: 540px) 100vw, 540px\" \/><\/figure><\/div>\n\n\n\n<div align=\"center\"><b>Via PIX<\/b><b><\/b><br><b>Chave: <\/b>63.089.825\/0102-98 <br>Mitra Arquidiocesana de S\u00e3o Paulo<\/div>\n\n\n\n<div align=\"center\">\n<p>&nbsp;<\/p>\n<\/div>\n\n\n\n<div class=\"wp-block-image\"><figure class=\"aligncenter size-full\"><img decoding=\"async\" width=\"179\" height=\"46\" src=\"https:\/\/saojosedoipiranga.com.br\/new\/wp-content\/uploads\/2022\/04\/logo-sicred1-2.jpg\" alt=\"\" class=\"wp-image-4919\"\/><\/figure><\/div>\n\n\n\n<p class=\"has-text-align-center\"><strong>Transfer\u00eancia Banc\u00e1ria<\/strong><\/p>\n\n\n\n<div align=\"center\"><b>Banco Sicred<\/b><br><b>Ag\u00eancia: <\/b>0726<br><b>Conta Corrente: <\/b>27648-1<br>Mitra Arquidiocesana de S\u00e3o Paulo\n<p>&nbsp;<\/p>\n<p>&nbsp;<\/p>\n<\/div>\n\n\n\n<p><\/p>\n\n    <div class=\"xs_social_share_widget xs_share_url after_content \t\tmain_content  wslu-style-1 wslu-share-box-shaped wslu-fill-colored wslu-none wslu-share-horizontal wslu-theme-font-no wslu-main_content\">\n\n\t\t\n        <ul>\n\t\t\t        <\/ul>\n    <\/div> \n","protected":false},"excerpt":{"rendered":"<p>Para doar \u00e9 simples, r\u00e1pido e seguro: &nbsp; &nbsp; Via PIXChave: 63.089.825\/0102-98 Mitra Arquidiocesana de S\u00e3o Paulo &nbsp; Transfer\u00eancia Banc\u00e1ria Banco SicredAg\u00eancia: 0726Conta Corrente: 27648-1Mitra Arquidiocesana de S\u00e3o Paulo &nbsp;&hellip; <br \/> <a class=\"read-more\" href=\"https:\/\/saojosedoipiranga.com.br\/new\/doacoes-cestas\/\">Leia mais<\/a><\/p>\n","protected":false},"author":1,"featured_media":0,"parent":0,"menu_order":0,"comment_status":"closed","ping_status":"closed","template":"","meta":{"_vp_format_video_url":"","_vp_image_focal_point":[],"footnotes":""},"class_list":["post-4300","page","type-page","status-publish","hentry"],"_links":{"self":[{"href":"https:\/\/saojosedoipiranga.com.br\/new\/wp-json\/wp\/v2\/pages\/4300","targetHints":{"allow":["GET"]}}],"collection":[{"href":"https:\/\/saojosedoipiranga.com.br\/new\/wp-json\/wp\/v2\/pages"}],"about":[{"href":"https:\/\/saojosedoipiranga.com.br\/new\/wp-json\/wp\/v2\/types\/page"}],"author":[{"embeddable":true,"href":"https:\/\/saojosedoipiranga.com.br\/new\/wp-json\/wp\/v2\/users\/1"}],"replies":[{"embeddable":true,"href":"https:\/\/saojosedoipiranga.com.br\/new\/wp-json\/wp\/v2\/comments?post=4300"}],"version-history":[{"count":6,"href":"https:\/\/saojosedoipiranga.com.br\/new\/wp-json\/wp\/v2\/pages\/4300\/revisions"}],"predecessor-version":[{"id":5681,"href":"https:\/\/saojosedoipiranga.com.br\/new\/wp-json\/wp\/v2\/pages\/4300\/revisions\/5681"}],"wp:attachment":[{"href":"https:\/\/saojosedoipiranga.com.br\/new\/wp-json\/wp\/v2\/media?parent=4300"}],"curies":[{"name":"wp","href":"https:\/\/api.w.org\/{rel}","templated":true}]}}