{"id":312,"date":"2017-09-26T14:21:35","date_gmt":"2017-09-26T17:21:35","guid":{"rendered":"http:\/\/saojosedoipiranga.com.br\/site\/?page_id=312"},"modified":"2022-10-04T13:49:39","modified_gmt":"2022-10-04T16:49:39","slug":"ministros-da-palavra","status":"publish","type":"page","link":"https:\/\/saojosedoipiranga.com.br\/new\/pastorais\/ministros-da-palavra\/","title":{"rendered":"Ministros da Palavra"},"content":{"rendered":"\n<h2 class=\"wp-block-heading\">Ministros da Palavra<\/h2>\n\n\n\n<hr class=\"wp-block-separator\"\/>\n\n\n<p style=\"text-align: justify;\"><strong>Minist\u00e9rio da Palavra<\/strong>&nbsp;\u00e9 o servi\u00e7o em favor de toda assembl\u00e9ia que celebra o Senhor na liturgia.<\/p>\n<p style=\"text-align: justify;\">Este servir se reveste de tr\u00eas dimens\u00f5es &nbsp;essenciais que devem ser levadas em conta no momento de se efetuar esse minist\u00e9rio :<\/p>\n<p style=\"text-align: justify;\">01- Servir ao Senhor como seu porta voz<br>02- Servir ao povo de Deus<br>03- Servir \u00e0 Igreja<\/p>\n<p style=\"text-align: justify;\">Quer conhecer melhor ou ter mais informa\u00e7\u00f5es sobre o Minist\u00e9rio da Palavra ?, entre em contato conosco atrav\u00e9s do formul\u00e1rio de contato, teremos prazer em acolher.<\/p>\n<hr>\n    <div class=\"xs_social_share_widget xs_share_url after_content \t\tmain_content  wslu-style-1 wslu-share-box-shaped wslu-fill-colored wslu-none wslu-share-horizontal wslu-theme-font-no wslu-main_content\">\n\n\t\t\n        <ul>\n\t\t\t        <\/ul>\n    <\/div> \n","protected":false},"excerpt":{"rendered":"<p>Ministros da Palavra Minist\u00e9rio da Palavra&nbsp;\u00e9 o servi\u00e7o em favor de toda assembl\u00e9ia que celebra o Senhor na liturgia. Este servir se reveste de tr\u00eas dimens\u00f5es &nbsp;essenciais que devem ser&hellip; <br \/> <a class=\"read-more\" href=\"https:\/\/saojosedoipiranga.com.br\/new\/pastorais\/ministros-da-palavra\/\">Leia mais<\/a><\/p>\n","protected":false},"author":3,"featured_media":2616,"parent":64,"menu_order":0,"comment_status":"closed","ping_status":"closed","template":"page-templates\/sidebar-page.php","meta":{"_vp_format_video_url":"","_vp_image_focal_point":[],"footnotes":""},"class_list":["post-312","page","type-page","status-publish","has-post-thumbnail","hentry"],"_links":{"self":[{"href":"https:\/\/saojosedoipiranga.com.br\/new\/wp-json\/wp\/v2\/pages\/312","targetHints":{"allow":["GET"]}}],"collection":[{"href":"https:\/\/saojosedoipiranga.com.br\/new\/wp-json\/wp\/v2\/pages"}],"about":[{"href":"https:\/\/saojosedoipiranga.com.br\/new\/wp-json\/wp\/v2\/types\/page"}],"author":[{"embeddable":true,"href":"https:\/\/saojosedoipiranga.com.br\/new\/wp-json\/wp\/v2\/users\/3"}],"replies":[{"embeddable":true,"href":"https:\/\/saojosedoipiranga.com.br\/new\/wp-json\/wp\/v2\/comments?post=312"}],"version-history":[{"count":7,"href":"https:\/\/saojosedoipiranga.com.br\/new\/wp-json\/wp\/v2\/pages\/312\/revisions"}],"predecessor-version":[{"id":5299,"href":"https:\/\/saojosedoipiranga.com.br\/new\/wp-json\/wp\/v2\/pages\/312\/revisions\/5299"}],"up":[{"embeddable":true,"href":"https:\/\/saojosedoipiranga.com.br\/new\/wp-json\/wp\/v2\/pages\/64"}],"wp:featuredmedia":[{"embeddable":true,"href":"https:\/\/saojosedoipiranga.com.br\/new\/wp-json\/wp\/v2\/media\/2616"}],"wp:attachment":[{"href":"https:\/\/saojosedoipiranga.com.br\/new\/wp-json\/wp\/v2\/media?parent=312"}],"curies":[{"name":"wp","href":"https:\/\/api.w.org\/{rel}","templated":true}]}}