{"id":282,"date":"2017-09-26T14:04:16","date_gmt":"2017-09-26T17:04:16","guid":{"rendered":"http:\/\/saojosedoipiranga.com.br\/site\/?page_id=282"},"modified":"2022-09-20T14:35:20","modified_gmt":"2022-09-20T17:35:20","slug":"dizimo","status":"publish","type":"page","link":"https:\/\/saojosedoipiranga.com.br\/new\/pastorais\/dizimo\/","title":{"rendered":"O d\u00edzimo na Igreja Cat\u00f3lica"},"content":{"rendered":"\n<h2 class=\"wp-block-heading\">Pastoral do D\u00edzimo<\/h2>\n\n\n\n<hr class=\"wp-block-separator\"\/>\n\n\n\n<h4 class=\"wp-block-heading\">O QUE \u00c9 O D\u00cdZIMO?<\/h4>\n\n\n\n<h5 class=\"wp-block-heading\">O d\u00edzimo \u00e9 uma experi\u00eancia de f\u00e9 e est\u00e1 profundamente ligado \u00e0quilo que percebemos de Deus.<\/h5>\n\n\n\n<div class=\"wp-block-group\"><div class=\"wp-block-group__inner-container is-layout-flow wp-block-group-is-layout-flow\">\n<div align=\"justify\">\nNa medida em que acreditamos de fato no que dizemos de Deus vamos assumindo atitudes concretas que expressam nossa f\u00e9. Nossa f\u00e9 \u00e9 consequente, portanto as a\u00e7\u00f5es de uma pessoa que cr\u00ea verdadeiramente acompanham sua f\u00e9.O catecismo da Igreja Cat\u00f3lica enumera algumas consequ\u00eancias da f\u00e9 em Deus, retorno de duas delas para ajudar em nossa reflex\u00e3o sobre o d\u00edzimo:\n<br><br>\na) Viver em a\u00e7\u00e3o de gra\u00e7as:\nSe Deus \u00e9 o \u00danico, tudo o que n\u00f3s somos e tudo o quanto  possu\u00edmos vem d\u2019Ele: \u00ab Que possuis que n\u00e3o tenhas recebido?\u201d (1 Cor 4, 7). \u00abComo      agradecerei ao Senhor tudo quanto Ele me deu?\u201d (Sl 116, 12) (CIC 224);<br>\nb) \u00c9 ter confian\u00e7a em Deus, em todas as circunst\u00e2ncias, mesmo na adversidade.     (CIC 227)\n<br><br>\nEis dois elementos que est\u00e3o profundamente ligados \u00e0 experi\u00eancia de ser dizimista. Se quisermos dizer claramente o que move um dizimista vamos necessariamente dizer que a gratid\u00e3o \u00e9 a primeira das motiva\u00e7\u00f5es. Recebemos de Deus a cria\u00e7\u00e3o, a vida, e precisamos de tudo isto, o tempo todo, n\u00e3o podemos devolver.\n<br><br>\nEscolhemos, por meio do d\u00edzimo expressar que estamos gratos a Deus e, ao mesmo tempo, reafirmamos nossa confian\u00e7a: o Deus que me ajudou at\u00e9 aqui, tenho certeza, nunca me deixar\u00e1 faltar do que \u00e9 necess\u00e1rio para minha via. Por isso vonluntariamente eu contribuo com o meu d\u00edzimo por gratid\u00e3o  pelo que recebi e confian\u00e7a no futuro.Come\u00e7amos por olhar para o catecismo da Igreja, mas \u00e9 na Palavra de Deus que encontramos as bases mais s\u00f3lidas para compreender o d\u00edzimo como experi\u00eancia de f\u00e9, gratid\u00e3o e confian\u00e7a em Deus. \n<br><br>\n<strong>PADRE TAMB\u00c9M PAGA O D\u00cdZIMO?<\/strong><br>\nSim. Todos os membros da Igreja, por causa da f\u00e9, s\u00e3o chamados a serem dizimistas. Os Bispos, os padres, os agentes pastorais e todo o povo de Deus, desde que tenham recursos s\u00e3o convidados a contribuir com o d\u00edzimo. O servi\u00e7o que prestam n\u00e3o substitui o d\u00edzimo.\n<br><br>\n<strong>D\u00cdZIMO N\u00c3O DEVE SER TRATADO COMO UMA TROCA COM DEUS.<\/strong><br>\nO d\u00edzimo \u00e9 um ato livre que surge da consci\u00eancia, por causa dele Deus n\u00e3o est\u00e1 obrigado a nos oferecer nada. Tudo que Deus nos d\u00e1 \u00e9 fruto do seu amor. D\u00edzimo n\u00e3o \u00e9 troca com Deus. D\u00edzimo \u00e9 gesto de gratid\u00e3o.\n<br><br>\n<strong>QUAL VALOR DEVO PAGAR DE D\u00cdZIMO?<\/strong><br>\nOriginalmente a palavra D\u00edzimo quer dizer d\u00e9cima parte, dez por cento. A pr\u00e1tica da Igreja Cat\u00f3lica \u00e9 que cada um vai estipular o valor do seu d\u00edzimo de acordo com a sua consci\u00eancia e generosidade, levando em conta os recursos que possui.\n<br><br>\n<strong>QUEM PODE SER DIZIMISTA?<\/strong><br>\nO D\u00edzimo \u00e9 um apelo de Deus e da consci\u00eancia, mas somente as pessoas que possuem recursos podem participar como dizimista na vida da Igreja.\n<br><br>\n<strong>QUAL A PERIODICIDADE DO PAGAMENTO DO D\u00cdZIMO?<\/strong><br>\nO D\u00edzimo tem como caracter\u00edstica ser peri\u00f3dico e constante. Umas das modalidades mais comum \u00e9 a mensal.\n<br><br>\n<strong>COMO FA\u00c7O PARA SER DIZIMISTA?<\/strong>\n\u00c9 bem simples e voc\u00ea escolhe como quer fazer.Venha at\u00e9 a par\u00f3quia S\u00e3o Jos\u00e9 do Ipiranga fazer seu cadastro. Neste momento voc\u00ea receber\u00e1 um cart\u00e3o ou carn\u00ea, mas se preferir tamb\u00e9m pode fazer dep\u00f3sito em conta ou pagamento via site.<\/div>\n\n\n\n<p><\/p>\n<\/div><\/div>\n\n\n\n<p><strong>Ora\u00e7\u00e3o do Dizimista<\/strong><\/p>\n\n\n\n<div align=\"justify\"><em>&#8220;N\u00f3s vos pedimos, Senhor, que aben\u00e7oeis a nossa comunidade e fazei-nos perseverantes em nossa ades\u00e3o ao d\u00edzimo em nossa par\u00f3quia. Que a nossa participa\u00e7\u00e3o concreta possibilite a realiza\u00e7\u00e3o dos objetivos das dimens\u00f5es religiosa, social e mission\u00e1ria, permitindo que a Boa Nova do Evangelho seja uma realidade presente entre n\u00f3s e o vosso Reino de amor e de justi\u00e7a se propague cada vez mais. N\u00f3s vos agradecemos, Senhor, por todas as pessoas j\u00e1 conscientes de sua corresponsabilidade eclesial e tamb\u00e9m por aquelas que ainda haver\u00e3o de tornar-se dizimistas em nossa comunidade, assumindo mais plenamente a sua voca\u00e7\u00e3o de batizados e ajudando a Igreja em sua miss\u00e3o evangelizadora. A V\u00f3s exalta\u00e7\u00e3o, louvor e gl\u00f3ria para sempre. Am\u00e9m!&#8221;<\/em><\/div>\n\n\n\n<hr class=\"wp-block-separator\"\/>\n\n\n\n<p><strong>Para contribui\u00e7\u00e3o do D\u00edzimo, <a href=\"https:\/\/saojosedoipiranga.com.br\/new\/acao-solidaria-a-paroquia-sao-jose-do-ipiranga\/\">clique AQUI!<\/a><\/strong><\/p>\n\n    <div class=\"xs_social_share_widget xs_share_url after_content \t\tmain_content  wslu-style-1 wslu-share-box-shaped wslu-fill-colored wslu-none wslu-share-horizontal wslu-theme-font-no wslu-main_content\">\n\n\t\t\n        <ul>\n\t\t\t        <\/ul>\n    <\/div> \n","protected":false},"excerpt":{"rendered":"<p>Pastoral do D\u00edzimo O QUE \u00c9 O D\u00cdZIMO? O d\u00edzimo \u00e9 uma experi\u00eancia de f\u00e9 e est\u00e1 profundamente ligado \u00e0quilo que percebemos de Deus. Na medida em que acreditamos de&hellip; <br \/> <a class=\"read-more\" href=\"https:\/\/saojosedoipiranga.com.br\/new\/pastorais\/dizimo\/\">Leia mais<\/a><\/p>\n","protected":false},"author":3,"featured_media":2616,"parent":64,"menu_order":0,"comment_status":"closed","ping_status":"closed","template":"page-templates\/fullwidth.php","meta":{"_vp_format_video_url":"","_vp_image_focal_point":[],"footnotes":""},"class_list":["post-282","page","type-page","status-publish","has-post-thumbnail","hentry"],"_links":{"self":[{"href":"https:\/\/saojosedoipiranga.com.br\/new\/wp-json\/wp\/v2\/pages\/282","targetHints":{"allow":["GET"]}}],"collection":[{"href":"https:\/\/saojosedoipiranga.com.br\/new\/wp-json\/wp\/v2\/pages"}],"about":[{"href":"https:\/\/saojosedoipiranga.com.br\/new\/wp-json\/wp\/v2\/types\/page"}],"author":[{"embeddable":true,"href":"https:\/\/saojosedoipiranga.com.br\/new\/wp-json\/wp\/v2\/users\/3"}],"replies":[{"embeddable":true,"href":"https:\/\/saojosedoipiranga.com.br\/new\/wp-json\/wp\/v2\/comments?post=282"}],"version-history":[{"count":22,"href":"https:\/\/saojosedoipiranga.com.br\/new\/wp-json\/wp\/v2\/pages\/282\/revisions"}],"predecessor-version":[{"id":5166,"href":"https:\/\/saojosedoipiranga.com.br\/new\/wp-json\/wp\/v2\/pages\/282\/revisions\/5166"}],"up":[{"embeddable":true,"href":"https:\/\/saojosedoipiranga.com.br\/new\/wp-json\/wp\/v2\/pages\/64"}],"wp:featuredmedia":[{"embeddable":true,"href":"https:\/\/saojosedoipiranga.com.br\/new\/wp-json\/wp\/v2\/media\/2616"}],"wp:attachment":[{"href":"https:\/\/saojosedoipiranga.com.br\/new\/wp-json\/wp\/v2\/media?parent=282"}],"curies":[{"name":"wp","href":"https:\/\/api.w.org\/{rel}","templated":true}]}}