{"id":248,"date":"2017-09-25T13:17:03","date_gmt":"2017-09-25T16:17:03","guid":{"rendered":"http:\/\/saojosedoipiranga.com.br\/site\/?page_id=248"},"modified":"2022-09-20T14:09:37","modified_gmt":"2022-09-20T17:09:37","slug":"acolhida","status":"publish","type":"page","link":"https:\/\/saojosedoipiranga.com.br\/new\/pastorais\/acolhida\/","title":{"rendered":"Acolhida"},"content":{"rendered":"\n<h2 class=\"wp-block-heading\">Pastoral da Acolhida<\/h2>\n\n\n\n<hr class=\"wp-block-separator\"\/>\n\n\n<p style=\"text-align: justify;\">A Pastoral da Acolhida \u00e9 parte integrante do processo de evangeliza\u00e7\u00e3o da par\u00f3quia, porque ajuda a revelar, nos seus membros e nas a\u00e7\u00f5es por ela desenvolvidas, o rosto de Jesus, cheio de miseric\u00f3rdia e compaix\u00e3o.<\/p>\n<p style=\"text-align: justify;\">A pessoa quando chega a comunidade e \u00e9 bem acolhida, tem vontade de permanecer e se a acolhida for verdadeira ela permanece de fato.<\/p>\n<p style=\"text-align: justify;\">Nossa Pastoral consiste em primeiro lugar, em uma equipe que se dedica a receber bem as pessoas que chegam a nossa igreja para as celebra\u00e7\u00f5es.<\/p>\n<p style=\"text-align: justify;\">Em segundo lugar uma equipe sintonizada com as demais pastorais, movimentos e associa\u00e7\u00f5es, que se preocupa com a recep\u00e7\u00e3o que \u00e9 dada entre seus membros e os atendidos por ela. O maior desafio da pastoral fazer com que a par\u00f3quia, como um todo, adote uma postura acolhedora.<\/p>\n<p style=\"text-align: justify;\">S\u00e3o Paulo, na carta aos Romanos (15,7), recomenda. \u201cAcolhei-vos uns aos outros, como Cristo vos acolheu para gl\u00f3ria do pai\u201d.<\/p>\n<hr \/>\n<p>\u00a0<\/p>\n    <div class=\"xs_social_share_widget xs_share_url after_content \t\tmain_content  wslu-style-1 wslu-share-box-shaped wslu-fill-colored wslu-none wslu-share-horizontal wslu-theme-font-no wslu-main_content\">\n\n\t\t\n        <ul>\n\t\t\t        <\/ul>\n    <\/div> \n","protected":false},"excerpt":{"rendered":"<p>Pastoral da Acolhida A Pastoral da Acolhida \u00e9 parte integrante do processo de evangeliza\u00e7\u00e3o da par\u00f3quia, porque ajuda a revelar, nos seus membros e nas a\u00e7\u00f5es por ela desenvolvidas, o&hellip; <br \/> <a class=\"read-more\" href=\"https:\/\/saojosedoipiranga.com.br\/new\/pastorais\/acolhida\/\">Leia mais<\/a><\/p>\n","protected":false},"author":3,"featured_media":2616,"parent":64,"menu_order":0,"comment_status":"closed","ping_status":"closed","template":"page-templates\/sidebar-page.php","meta":{"_vp_format_video_url":"","_vp_image_focal_point":[],"footnotes":""},"class_list":["post-248","page","type-page","status-publish","has-post-thumbnail","hentry"],"_links":{"self":[{"href":"https:\/\/saojosedoipiranga.com.br\/new\/wp-json\/wp\/v2\/pages\/248","targetHints":{"allow":["GET"]}}],"collection":[{"href":"https:\/\/saojosedoipiranga.com.br\/new\/wp-json\/wp\/v2\/pages"}],"about":[{"href":"https:\/\/saojosedoipiranga.com.br\/new\/wp-json\/wp\/v2\/types\/page"}],"author":[{"embeddable":true,"href":"https:\/\/saojosedoipiranga.com.br\/new\/wp-json\/wp\/v2\/users\/3"}],"replies":[{"embeddable":true,"href":"https:\/\/saojosedoipiranga.com.br\/new\/wp-json\/wp\/v2\/comments?post=248"}],"version-history":[{"count":8,"href":"https:\/\/saojosedoipiranga.com.br\/new\/wp-json\/wp\/v2\/pages\/248\/revisions"}],"predecessor-version":[{"id":5149,"href":"https:\/\/saojosedoipiranga.com.br\/new\/wp-json\/wp\/v2\/pages\/248\/revisions\/5149"}],"up":[{"embeddable":true,"href":"https:\/\/saojosedoipiranga.com.br\/new\/wp-json\/wp\/v2\/pages\/64"}],"wp:featuredmedia":[{"embeddable":true,"href":"https:\/\/saojosedoipiranga.com.br\/new\/wp-json\/wp\/v2\/media\/2616"}],"wp:attachment":[{"href":"https:\/\/saojosedoipiranga.com.br\/new\/wp-json\/wp\/v2\/media?parent=248"}],"curies":[{"name":"wp","href":"https:\/\/api.w.org\/{rel}","templated":true}]}}