{"id":2288,"date":"2020-05-18T13:01:58","date_gmt":"2020-05-18T16:01:58","guid":{"rendered":"http:\/\/saojosedoipiranga.com.br\/site\/?page_id=2288"},"modified":"2023-01-05T09:56:48","modified_gmt":"2023-01-05T12:56:48","slug":"acao-solidaria-a-paroquia-sao-jose-do-ipiranga","status":"publish","type":"page","link":"https:\/\/saojosedoipiranga.com.br\/new\/acao-solidaria-a-paroquia-sao-jose-do-ipiranga\/","title":{"rendered":"D\u00edzimo S\u00e3o Jos\u00e9 do Ipiranga"},"content":{"rendered":"\n<p>Participe da a\u00e7\u00e3o solid\u00e1ria \u00e0 Par\u00f3quia S\u00e3o Jos\u00e9 do Ipiranga. <\/p>\n\n\n\n<p>Quer saber mais sobre a Pastoral e o D\u00edzimo, <a href=\"https:\/\/saojosedoipiranga.com.br\/new\/pastorais\/dizimo\/\">clique AQUI<\/a>.<\/p>\n\n\n\n<p>Neste momento de pandemia a Par\u00f3quia precisa da sua ajuda para continuar suas a\u00e7\u00f5es na comunidade, contamos com alguns canais seguros e voc\u00ea pode participar, saiba como:<\/p>\n\n\n\n<p class=\"has-text-align-center\"><strong>Para doar \u00e9 simples, r\u00e1pido e seguro:<\/strong><\/p>\n\n\n\n<div class=\"wp-block-image\"><figure class=\"aligncenter is-resized\"><img decoding=\"async\" src=\"https:\/\/saojosedoipiranga.com.br\/new\/wp-content\/uploads\/2021\/05\/pix-300x106.png\" alt=\"\" class=\"wp-image-4288\" width=\"180\" srcset=\"https:\/\/saojosedoipiranga.com.br\/new\/wp-content\/uploads\/2021\/05\/pix-300x106.png 300w, https:\/\/saojosedoipiranga.com.br\/new\/wp-content\/uploads\/2021\/05\/pix-500x176.png 500w, https:\/\/saojosedoipiranga.com.br\/new\/wp-content\/uploads\/2021\/05\/pix.png 540w\" sizes=\"(max-width: 300px) 100vw, 300px\" \/><\/figure><\/div>\n\n\n\n<p class=\"has-text-align-center\"><strong>Via PIX<\/strong><br><strong>Chave:&nbsp;<\/strong>63.089.825\/0102-98&nbsp;<br>Mitra Arquidiocesana de S\u00e3o Paulo<\/p>\n\n\n\n<p class=\"has-text-align-center\">&#8230;<\/p>\n\n\n\n<div class=\"wp-block-image\"><figure class=\"aligncenter is-resized\"><img decoding=\"async\" src=\"https:\/\/saojosedoipiranga.com.br\/new\/wp-content\/uploads\/2022\/04\/logo-sicred1-1.jpg\" alt=\"\" class=\"wp-image-4918\" width=\"210\" srcset=\"https:\/\/saojosedoipiranga.com.br\/new\/wp-content\/uploads\/2022\/04\/logo-sicred1-1.jpg 359w, https:\/\/saojosedoipiranga.com.br\/new\/wp-content\/uploads\/2022\/04\/logo-sicred1-1-300x77.jpg 300w\" sizes=\"(max-width: 359px) 100vw, 359px\" \/><\/figure><\/div>\n\n\n\n<p class=\"has-text-align-center\"><strong>Transfer\u00eancia Banc\u00e1ria<\/strong><\/p>\n\n\n\n<p class=\"has-text-align-center\"><strong>Banco Sicredi<\/strong><br><strong>Ag\u00eancia:&nbsp;<\/strong>0726<br><strong>Conta Corrente:&nbsp;<\/strong>27648-1<br>Mitra Arquidiocesana de S\u00e3o Paulo<\/p>\n\n\n\n<p class=\"has-text-align-center\">&#8230;<\/p>\n\n\n\n<p><\/p>\n\n    <div class=\"xs_social_share_widget xs_share_url after_content \t\tmain_content  wslu-style-1 wslu-share-box-shaped wslu-fill-colored wslu-none wslu-share-horizontal wslu-theme-font-no wslu-main_content\">\n\n\t\t\n        <ul>\n\t\t\t        <\/ul>\n    <\/div> \n","protected":false},"excerpt":{"rendered":"<p>Participe da a\u00e7\u00e3o solid\u00e1ria \u00e0 Par\u00f3quia S\u00e3o Jos\u00e9 do Ipiranga. Quer saber mais sobre a Pastoral e o D\u00edzimo, clique AQUI. Neste momento de pandemia a Par\u00f3quia precisa da sua&hellip; <br \/> <a class=\"read-more\" href=\"https:\/\/saojosedoipiranga.com.br\/new\/acao-solidaria-a-paroquia-sao-jose-do-ipiranga\/\">Leia mais<\/a><\/p>\n","protected":false},"author":3,"featured_media":4170,"parent":0,"menu_order":0,"comment_status":"closed","ping_status":"closed","template":"","meta":{"_vp_format_video_url":"","_vp_image_focal_point":{"x":0.52000000000000002,"y":0.56999999999999995},"footnotes":""},"class_list":["post-2288","page","type-page","status-publish","has-post-thumbnail","hentry"],"_links":{"self":[{"href":"https:\/\/saojosedoipiranga.com.br\/new\/wp-json\/wp\/v2\/pages\/2288","targetHints":{"allow":["GET"]}}],"collection":[{"href":"https:\/\/saojosedoipiranga.com.br\/new\/wp-json\/wp\/v2\/pages"}],"about":[{"href":"https:\/\/saojosedoipiranga.com.br\/new\/wp-json\/wp\/v2\/types\/page"}],"author":[{"embeddable":true,"href":"https:\/\/saojosedoipiranga.com.br\/new\/wp-json\/wp\/v2\/users\/3"}],"replies":[{"embeddable":true,"href":"https:\/\/saojosedoipiranga.com.br\/new\/wp-json\/wp\/v2\/comments?post=2288"}],"version-history":[{"count":32,"href":"https:\/\/saojosedoipiranga.com.br\/new\/wp-json\/wp\/v2\/pages\/2288\/revisions"}],"predecessor-version":[{"id":5684,"href":"https:\/\/saojosedoipiranga.com.br\/new\/wp-json\/wp\/v2\/pages\/2288\/revisions\/5684"}],"wp:featuredmedia":[{"embeddable":true,"href":"https:\/\/saojosedoipiranga.com.br\/new\/wp-json\/wp\/v2\/media\/4170"}],"wp:attachment":[{"href":"https:\/\/saojosedoipiranga.com.br\/new\/wp-json\/wp\/v2\/media?parent=2288"}],"curies":[{"name":"wp","href":"https:\/\/api.w.org\/{rel}","templated":true}]}}